{"id":51037,"date":"2026-04-07T14:27:55","date_gmt":"2026-04-07T12:27:55","guid":{"rendered":"https:\/\/www.cnab.cat\/competicio\/natacio\/"},"modified":"2026-04-07T14:27:55","modified_gmt":"2026-04-07T12:27:55","slug":"natacio","status":"publish","type":"page","link":"https:\/\/www.cnab.cat\/ca\/competicio\/natacio\/","title":{"rendered":"Nataci\u00f3"},"content":{"rendered":"\t\t<div data-elementor-type=\"wp-page\" data-elementor-id=\"51037\" class=\"elementor elementor-51037 elementor-50506\" data-elementor-post-type=\"page\">\n\t\t\t\t<div class=\"elementor-element elementor-element-d140324 e-flex e-con-boxed e-con e-parent\" data-id=\"d140324\" data-element_type=\"container\" data-e-type=\"container\" data-settings=\"{&quot;background_background&quot;:&quot;classic&quot;}\">\n\t\t\t\t\t<div class=\"e-con-inner\">\n\t\t\t\t<div class=\"elementor-element elementor-element-f3e26bf elementor-widget elementor-widget-heading\" data-id=\"f3e26bf\" data-element_type=\"widget\" data-e-type=\"widget\" data-widget_type=\"heading.default\">\n\t\t\t\t<div class=\"elementor-widget-container\">\n\t\t\t\t\t<h1 class=\"elementor-heading-title elementor-size-default\">NATACI\u00d3<\/h1>\t\t\t\t<\/div>\n\t\t\t\t<\/div>\n\t\t\t\t\t<\/div>\n\t\t\t\t<\/div>\n\t\t<div class=\"elementor-element elementor-element-875e153 e-flex e-con-boxed e-con e-parent\" data-id=\"875e153\" data-element_type=\"container\" data-e-type=\"container\">\n\t\t\t\t\t<div class=\"e-con-inner\">\n\t\t\t\t<div class=\"elementor-element elementor-element-eaf0185 elementor-grid-2 elementor-widget__width-inherit elementor-grid-tablet-2 elementor-grid-mobile-1 elementor-widget elementor-widget-loop-grid\" data-id=\"eaf0185\" data-element_type=\"widget\" data-e-type=\"widget\" data-settings=\"{&quot;template_id&quot;:51067,&quot;columns&quot;:2,&quot;_skin&quot;:&quot;post&quot;,&quot;columns_tablet&quot;:&quot;2&quot;,&quot;columns_mobile&quot;:&quot;1&quot;,&quot;edit_handle_selector&quot;:&quot;[data-elementor-type=\\&quot;loop-item\\&quot;]&quot;,&quot;row_gap&quot;:{&quot;unit&quot;:&quot;px&quot;,&quot;size&quot;:&quot;&quot;,&quot;sizes&quot;:[]},&quot;row_gap_tablet&quot;:{&quot;unit&quot;:&quot;px&quot;,&quot;size&quot;:&quot;&quot;,&quot;sizes&quot;:[]},&quot;row_gap_mobile&quot;:{&quot;unit&quot;:&quot;px&quot;,&quot;size&quot;:&quot;&quot;,&quot;sizes&quot;:[]}}\" data-widget_type=\"loop-grid.post\">\n\t\t\t\t<div class=\"elementor-widget-container\">\n\t\t\t\t\t\t\t<div class=\"elementor-loop-container elementor-grid\" role=\"list\">\n\t\t<style id=\"loop-dynamic-51067\">.e-loop-item-51080 .elementor-element.elementor-element-c3a82f3:not(.elementor-motion-effects-element-type-background), .e-loop-item-51080 .elementor-element.elementor-element-c3a82f3 > .elementor-motion-effects-container > .elementor-motion-effects-layer{background-image:url(\"https:\/\/www.cnab.cat\/wp-content\/uploads\/2025\/10\/cnab-natacio-absolut.jpg\");}<\/style><style id=\"loop-51067\">.elementor-51067 .elementor-element.elementor-element-c3a82f3{--display:flex;--min-height:305px;--flex-direction:column;--container-widget-width:100%;--container-widget-height:initial;--container-widget-flex-grow:0;--container-widget-align-self:initial;--flex-wrap-mobile:wrap;--justify-content:flex-end;--overlay-opacity:0.7;--border-radius:25px 25px 25px 25px;--padding-top:20px;--padding-bottom:20px;--padding-left:20px;--padding-right:20px;}.elementor-51067 .elementor-element.elementor-element-c3a82f3:not(.elementor-motion-effects-element-type-background), .elementor-51067 .elementor-element.elementor-element-c3a82f3 > .elementor-motion-effects-container > .elementor-motion-effects-layer{background-position:center center;background-repeat:no-repeat;background-size:cover;}.elementor-51067 .elementor-element.elementor-element-c3a82f3::before, .elementor-51067 .elementor-element.elementor-element-c3a82f3 > .elementor-background-video-container::before, .elementor-51067 .elementor-element.elementor-element-c3a82f3 > .e-con-inner > .elementor-background-video-container::before, .elementor-51067 .elementor-element.elementor-element-c3a82f3 > .elementor-background-slideshow::before, .elementor-51067 .elementor-element.elementor-element-c3a82f3 > .e-con-inner > .elementor-background-slideshow::before, .elementor-51067 .elementor-element.elementor-element-c3a82f3 > .elementor-motion-effects-container > .elementor-motion-effects-layer::before{--background-overlay:'';background-color:#20294500;background-image:url(\"https:\/\/www.cnab.cat\/wp-content\/uploads\/2025\/12\/Rectangle-1.png\");background-position:top center;background-repeat:no-repeat;background-size:cover;}.elementor-51067 .elementor-element.elementor-element-c3a82f3:hover::before, .elementor-51067 .elementor-element.elementor-element-c3a82f3:hover > .elementor-background-video-container::before, .elementor-51067 .elementor-element.elementor-element-c3a82f3:hover > .e-con-inner > .elementor-background-video-container::before, .elementor-51067 .elementor-element.elementor-element-c3a82f3 > .elementor-background-slideshow:hover::before, .elementor-51067 .elementor-element.elementor-element-c3a82f3 > .e-con-inner > .elementor-background-slideshow:hover::before{--background-overlay:'';background-image:url(\"https:\/\/www.cnab.cat\/wp-content\/uploads\/2025\/12\/Rectangle-1.png\");}.elementor-51067 .elementor-element.elementor-element-c3a82f3:hover{--overlay-opacity:1;}.elementor-51067 .elementor-element.elementor-element-fe3bcff .elementor-heading-title{font-family:var( --e-global-typography-4b3512e-font-family ), Sans-serif;font-size:var( --e-global-typography-4b3512e-font-size );line-height:var( --e-global-typography-4b3512e-line-height );letter-spacing:var( --e-global-typography-4b3512e-letter-spacing );word-spacing:var( --e-global-typography-4b3512e-word-spacing );color:var( --e-global-color-930adeb );}.elementor-51067 .elementor-element.elementor-element-fe3bcff{width:var( --container-widget-width, 100% );max-width:100%;--container-widget-width:100%;--container-widget-flex-grow:0;}@media(max-width:1024px){.elementor-51067 .elementor-element.elementor-element-fe3bcff .elementor-heading-title{font-size:var( --e-global-typography-4b3512e-font-size );line-height:var( --e-global-typography-4b3512e-line-height );letter-spacing:var( --e-global-typography-4b3512e-letter-spacing );word-spacing:var( --e-global-typography-4b3512e-word-spacing );}}@media(max-width:767px){.elementor-51067 .elementor-element.elementor-element-fe3bcff .elementor-heading-title{font-size:var( --e-global-typography-4b3512e-font-size );line-height:var( --e-global-typography-4b3512e-line-height );letter-spacing:var( --e-global-typography-4b3512e-letter-spacing );word-spacing:var( --e-global-typography-4b3512e-word-spacing );}}\/* Start custom CSS for container, class: .elementor-element-c3a82f3 *\/.elementor-51067 .elementor-element.elementor-element-c3a82f3 {\n    overflow: hidden;\n}\/* End custom CSS *\/<\/style>\t\t<div data-elementor-type=\"loop-item\" data-elementor-id=\"51067\" class=\"elementor elementor-51067 elementor-50478 elementor-50478 e-loop-item e-loop-item-51080 post-51080 equipos-natacion type-equipos-natacion status-publish has-post-thumbnail hentry\" data-elementor-post-type=\"elementor_library\" data-custom-edit-handle=\"1\">\n\t\t\t<div class=\"make-column-clickable-elementor elementor-element elementor-element-c3a82f3 e-con-full e-flex e-con e-child\" style=\"cursor: pointer;\" data-column-clickable=\"https:\/\/www.cnab.cat\/ca\/competicion\/natacion\/equipo\/absolut\/\" data-column-clickable-blank=\"_self\" data-id=\"c3a82f3\" data-element_type=\"container\" data-e-type=\"container\" data-settings=\"{&quot;background_background&quot;:&quot;classic&quot;}\">\n\t\t\t\t<div class=\"elementor-element elementor-element-fe3bcff upper elementor-widget__width-initial elementor-widget elementor-widget-heading\" data-id=\"fe3bcff\" data-element_type=\"widget\" data-e-type=\"widget\" data-widget_type=\"heading.default\">\n\t\t\t\t<div class=\"elementor-widget-container\">\n\t\t\t\t\t<h2 class=\"elementor-heading-title elementor-size-default\">Absolut<\/h2>\t\t\t\t<\/div>\n\t\t\t\t<\/div>\n\t\t\t\t<\/div>\n\t\t\t\t<\/div>\n\t\t<style id=\"loop-dynamic-51067\">.e-loop-item-51111 .elementor-element.elementor-element-c3a82f3:not(.elementor-motion-effects-element-type-background), .e-loop-item-51111 .elementor-element.elementor-element-c3a82f3 > .elementor-motion-effects-container > .elementor-motion-effects-layer{background-image:url(\"https:\/\/www.cnab.cat\/wp-content\/uploads\/2020\/12\/cnab-natacio-junior.jpg\");}<\/style>\t\t<div data-elementor-type=\"loop-item\" data-elementor-id=\"51067\" class=\"elementor elementor-51067 elementor-50478 elementor-50478 e-loop-item e-loop-item-51111 post-51111 equipos-natacion type-equipos-natacion status-publish has-post-thumbnail hentry\" data-elementor-post-type=\"elementor_library\" data-custom-edit-handle=\"1\">\n\t\t\t<div class=\"make-column-clickable-elementor elementor-element elementor-element-c3a82f3 e-con-full e-flex e-con e-child\" style=\"cursor: pointer;\" data-column-clickable=\"https:\/\/www.cnab.cat\/ca\/competicion\/natacion\/equipo\/junior\/\" data-column-clickable-blank=\"_self\" data-id=\"c3a82f3\" data-element_type=\"container\" data-e-type=\"container\" data-settings=\"{&quot;background_background&quot;:&quot;classic&quot;}\">\n\t\t\t\t<div class=\"elementor-element elementor-element-fe3bcff upper elementor-widget__width-initial elementor-widget elementor-widget-heading\" data-id=\"fe3bcff\" data-element_type=\"widget\" data-e-type=\"widget\" data-widget_type=\"heading.default\">\n\t\t\t\t<div class=\"elementor-widget-container\">\n\t\t\t\t\t<h2 class=\"elementor-heading-title elementor-size-default\">J\u00fanior<\/h2>\t\t\t\t<\/div>\n\t\t\t\t<\/div>\n\t\t\t\t<\/div>\n\t\t\t\t<\/div>\n\t\t<style id=\"loop-dynamic-51067\">.e-loop-item-51110 .elementor-element.elementor-element-c3a82f3:not(.elementor-motion-effects-element-type-background), .e-loop-item-51110 .elementor-element.elementor-element-c3a82f3 > .elementor-motion-effects-container > .elementor-motion-effects-layer{background-image:url(\"https:\/\/www.cnab.cat\/wp-content\/uploads\/2020\/12\/cnab-natacio-infantil.jpg\");}<\/style>\t\t<div data-elementor-type=\"loop-item\" data-elementor-id=\"51067\" class=\"elementor elementor-51067 elementor-50478 elementor-50478 e-loop-item e-loop-item-51110 post-51110 equipos-natacion type-equipos-natacion status-publish has-post-thumbnail hentry\" data-elementor-post-type=\"elementor_library\" data-custom-edit-handle=\"1\">\n\t\t\t<div class=\"make-column-clickable-elementor elementor-element elementor-element-c3a82f3 e-con-full e-flex e-con e-child\" style=\"cursor: pointer;\" data-column-clickable=\"https:\/\/www.cnab.cat\/ca\/competicion\/natacion\/equipo\/infantil\/\" data-column-clickable-blank=\"_self\" data-id=\"c3a82f3\" data-element_type=\"container\" data-e-type=\"container\" data-settings=\"{&quot;background_background&quot;:&quot;classic&quot;}\">\n\t\t\t\t<div class=\"elementor-element elementor-element-fe3bcff upper elementor-widget__width-initial elementor-widget elementor-widget-heading\" data-id=\"fe3bcff\" data-element_type=\"widget\" data-e-type=\"widget\" data-widget_type=\"heading.default\">\n\t\t\t\t<div class=\"elementor-widget-container\">\n\t\t\t\t\t<h2 class=\"elementor-heading-title elementor-size-default\">Infantil<\/h2>\t\t\t\t<\/div>\n\t\t\t\t<\/div>\n\t\t\t\t<\/div>\n\t\t\t\t<\/div>\n\t\t<style id=\"loop-dynamic-51067\">.e-loop-item-51089 .elementor-element.elementor-element-c3a82f3:not(.elementor-motion-effects-element-type-background), .e-loop-item-51089 .elementor-element.elementor-element-c3a82f3 > .elementor-motion-effects-container > .elementor-motion-effects-layer{background-image:url(\"https:\/\/www.cnab.cat\/wp-content\/uploads\/2020\/12\/cnab-natacio-alevi.jpg\");}<\/style>\t\t<div data-elementor-type=\"loop-item\" data-elementor-id=\"51067\" class=\"elementor elementor-51067 elementor-50478 elementor-50478 e-loop-item e-loop-item-51089 post-51089 equipos-natacion type-equipos-natacion status-publish has-post-thumbnail hentry\" data-elementor-post-type=\"elementor_library\" data-custom-edit-handle=\"1\">\n\t\t\t<div class=\"make-column-clickable-elementor elementor-element elementor-element-c3a82f3 e-con-full e-flex e-con e-child\" style=\"cursor: pointer;\" data-column-clickable=\"https:\/\/www.cnab.cat\/ca\/competicion\/natacion\/equipo\/alevi\/\" data-column-clickable-blank=\"_self\" data-id=\"c3a82f3\" data-element_type=\"container\" data-e-type=\"container\" data-settings=\"{&quot;background_background&quot;:&quot;classic&quot;}\">\n\t\t\t\t<div class=\"elementor-element elementor-element-fe3bcff upper elementor-widget__width-initial elementor-widget elementor-widget-heading\" data-id=\"fe3bcff\" data-element_type=\"widget\" data-e-type=\"widget\" data-widget_type=\"heading.default\">\n\t\t\t\t<div class=\"elementor-widget-container\">\n\t\t\t\t\t<h2 class=\"elementor-heading-title elementor-size-default\">Alev\u00ed<\/h2>\t\t\t\t<\/div>\n\t\t\t\t<\/div>\n\t\t\t\t<\/div>\n\t\t\t\t<\/div>\n\t\t<style id=\"loop-dynamic-51067\">.e-loop-item-51083 .elementor-element.elementor-element-c3a82f3:not(.elementor-motion-effects-element-type-background), .e-loop-item-51083 .elementor-element.elementor-element-c3a82f3 > .elementor-motion-effects-container > .elementor-motion-effects-layer{background-image:url(\"https:\/\/www.cnab.cat\/wp-content\/uploads\/2020\/12\/cnab-natacio-benjami.jpg\");}<\/style>\t\t<div data-elementor-type=\"loop-item\" data-elementor-id=\"51067\" class=\"elementor elementor-51067 elementor-50478 elementor-50478 e-loop-item e-loop-item-51083 post-51083 equipos-natacion type-equipos-natacion status-publish has-post-thumbnail hentry\" data-elementor-post-type=\"elementor_library\" data-custom-edit-handle=\"1\">\n\t\t\t<div class=\"make-column-clickable-elementor elementor-element elementor-element-c3a82f3 e-con-full e-flex e-con e-child\" style=\"cursor: pointer;\" data-column-clickable=\"https:\/\/www.cnab.cat\/ca\/competicion\/natacion\/equipo\/benjami\/\" data-column-clickable-blank=\"_self\" data-id=\"c3a82f3\" data-element_type=\"container\" data-e-type=\"container\" data-settings=\"{&quot;background_background&quot;:&quot;classic&quot;}\">\n\t\t\t\t<div class=\"elementor-element elementor-element-fe3bcff upper elementor-widget__width-initial elementor-widget elementor-widget-heading\" data-id=\"fe3bcff\" data-element_type=\"widget\" data-e-type=\"widget\" data-widget_type=\"heading.default\">\n\t\t\t\t<div class=\"elementor-widget-container\">\n\t\t\t\t\t<h2 class=\"elementor-heading-title elementor-size-default\">Benjam\u00ed<\/h2>\t\t\t\t<\/div>\n\t\t\t\t<\/div>\n\t\t\t\t<\/div>\n\t\t\t\t<\/div>\n\t\t<style id=\"loop-dynamic-51067\">.e-loop-item-51136 .elementor-element.elementor-element-c3a82f3:not(.elementor-motion-effects-element-type-background), .e-loop-item-51136 .elementor-element.elementor-element-c3a82f3 > .elementor-motion-effects-container > .elementor-motion-effects-layer{background-image:url(\"https:\/\/www.cnab.cat\/wp-content\/uploads\/2025\/10\/miniatura-categorias.jpg\");}<\/style>\t\t<div data-elementor-type=\"loop-item\" data-elementor-id=\"51067\" class=\"elementor elementor-51067 elementor-50478 elementor-50478 e-loop-item e-loop-item-51136 post-51136 equipos-natacion type-equipos-natacion status-publish hentry\" data-elementor-post-type=\"elementor_library\" data-custom-edit-handle=\"1\">\n\t\t\t<div class=\"make-column-clickable-elementor elementor-element elementor-element-c3a82f3 e-con-full e-flex e-con e-child\" style=\"cursor: pointer;\" data-column-clickable=\"https:\/\/www.cnab.cat\/ca\/competicion\/natacion\/equipo\/prebenjami\/\" data-column-clickable-blank=\"_self\" data-id=\"c3a82f3\" data-element_type=\"container\" data-e-type=\"container\" data-settings=\"{&quot;background_background&quot;:&quot;classic&quot;}\">\n\t\t\t\t<div class=\"elementor-element elementor-element-fe3bcff upper elementor-widget__width-initial elementor-widget elementor-widget-heading\" data-id=\"fe3bcff\" data-element_type=\"widget\" data-e-type=\"widget\" data-widget_type=\"heading.default\">\n\t\t\t\t<div class=\"elementor-widget-container\">\n\t\t\t\t\t<h2 class=\"elementor-heading-title elementor-size-default\">Prebenjam\u00ed<\/h2>\t\t\t\t<\/div>\n\t\t\t\t<\/div>\n\t\t\t\t<\/div>\n\t\t\t\t<\/div>\n\t\t<style id=\"loop-dynamic-51067\">.e-loop-item-51135 .elementor-element.elementor-element-c3a82f3:not(.elementor-motion-effects-element-type-background), .e-loop-item-51135 .elementor-element.elementor-element-c3a82f3 > .elementor-motion-effects-container > .elementor-motion-effects-layer{background-image:url(\"https:\/\/www.cnab.cat\/wp-content\/uploads\/2025\/10\/miniatura-categorias.jpg\");}<\/style>\t\t<div data-elementor-type=\"loop-item\" data-elementor-id=\"51067\" class=\"elementor elementor-51067 elementor-50478 elementor-50478 e-loop-item e-loop-item-51135 post-51135 equipos-natacion type-equipos-natacion status-publish hentry\" data-elementor-post-type=\"elementor_library\" data-custom-edit-handle=\"1\">\n\t\t\t<div class=\"make-column-clickable-elementor elementor-element elementor-element-c3a82f3 e-con-full e-flex e-con e-child\" style=\"cursor: pointer;\" data-column-clickable=\"https:\/\/www.cnab.cat\/ca\/competicion\/natacion\/equipo\/master\/\" data-column-clickable-blank=\"_self\" data-id=\"c3a82f3\" data-element_type=\"container\" data-e-type=\"container\" data-settings=\"{&quot;background_background&quot;:&quot;classic&quot;}\">\n\t\t\t\t<div class=\"elementor-element elementor-element-fe3bcff upper elementor-widget__width-initial elementor-widget elementor-widget-heading\" data-id=\"fe3bcff\" data-element_type=\"widget\" data-e-type=\"widget\" data-widget_type=\"heading.default\">\n\t\t\t\t<div class=\"elementor-widget-container\">\n\t\t\t\t\t<h2 class=\"elementor-heading-title elementor-size-default\">M\u00e0ster<\/h2>\t\t\t\t<\/div>\n\t\t\t\t<\/div>\n\t\t\t\t<\/div>\n\t\t\t\t<\/div>\n\t\t\t\t<\/div>\n\t\t\n\t\t\t\t\t\t<\/div>\n\t\t\t\t<\/div>\n\t\t\t\t\t<\/div>\n\t\t\t\t<\/div>\n\t\t\t\t<\/div>\n\t\t","protected":false},"excerpt":{"rendered":"<p>NATACI\u00d3<\/p>\n","protected":false},"author":10000089,"featured_media":0,"parent":51035,"menu_order":0,"comment_status":"closed","ping_status":"closed","template":"","meta":{"_acf_changed":false,"footnotes":""},"class_list":["post-51037","page","type-page","status-publish","hentry"],"acf":[],"yoast_head":"<!-- This site is optimized with the Yoast SEO plugin v27.4 - https:\/\/yoast.com\/product\/yoast-seo-wordpress\/ -->\n<title>Nataci\u00f3 - Club Nataci\u00f3 Atl\u00e8tic-Barceloneta<\/title>\n<meta name=\"robots\" content=\"index, follow, max-snippet:-1, max-image-preview:large, max-video-preview:-1\" \/>\n<link rel=\"canonical\" href=\"https:\/\/www.cnab.cat\/ca\/competicio\/natacio\/\" \/>\n<meta property=\"og:locale\" content=\"ca_ES\" \/>\n<meta property=\"og:type\" content=\"article\" \/>\n<meta property=\"og:title\" content=\"Nataci\u00f3 - Club Nataci\u00f3 Atl\u00e8tic-Barceloneta\" \/>\n<meta property=\"og:description\" content=\"NATACI\u00d3\" \/>\n<meta property=\"og:url\" content=\"https:\/\/www.cnab.cat\/ca\/competicio\/natacio\/\" \/>\n<meta property=\"og:site_name\" content=\"Club Nataci\u00f3 Atl\u00e8tic-Barceloneta\" \/>\n<meta property=\"article:publisher\" content=\"https:\/\/www.facebook.com\/cnab.oficial\/\" \/>\n<meta property=\"og:image\" content=\"https:\/\/www.cnab.cat\/wp-content\/uploads\/2019\/01\/46104306_1216958005113980_339020065233960960_n.jpg\" \/>\n\t<meta property=\"og:image:width\" content=\"696\" \/>\n\t<meta property=\"og:image:height\" content=\"696\" \/>\n\t<meta property=\"og:image:type\" content=\"image\/jpeg\" \/>\n<meta name=\"twitter:card\" content=\"summary_large_image\" \/>\n<meta name=\"twitter:site\" content=\"@CNAB_oficial\" \/>\n<script type=\"application\/ld+json\" class=\"yoast-schema-graph\">{\"@context\":\"https:\\\/\\\/schema.org\",\"@graph\":[{\"@type\":\"WebPage\",\"@id\":\"https:\\\/\\\/www.cnab.cat\\\/ca\\\/competicio\\\/natacio\\\/\",\"url\":\"https:\\\/\\\/www.cnab.cat\\\/ca\\\/competicio\\\/natacio\\\/\",\"name\":\"Nataci\u00f3 - Club Nataci\u00f3 Atl\u00e8tic-Barceloneta\",\"isPartOf\":{\"@id\":\"https:\\\/\\\/www.cnab.cat\\\/#website\"},\"datePublished\":\"2026-04-07T12:27:55+00:00\",\"breadcrumb\":{\"@id\":\"https:\\\/\\\/www.cnab.cat\\\/ca\\\/competicio\\\/natacio\\\/#breadcrumb\"},\"inLanguage\":\"ca\",\"potentialAction\":[{\"@type\":\"ReadAction\",\"target\":[\"https:\\\/\\\/www.cnab.cat\\\/ca\\\/competicio\\\/natacio\\\/\"]}]},{\"@type\":\"BreadcrumbList\",\"@id\":\"https:\\\/\\\/www.cnab.cat\\\/ca\\\/competicio\\\/natacio\\\/#breadcrumb\",\"itemListElement\":[{\"@type\":\"ListItem\",\"position\":1,\"name\":\"Inici\",\"item\":\"https:\\\/\\\/www.cnab.cat\\\/ca\\\/inici\\\/\"},{\"@type\":\"ListItem\",\"position\":2,\"name\":\"Competici\u00f3\",\"item\":\"https:\\\/\\\/www.cnab.cat\\\/ca\\\/competicio\\\/\"},{\"@type\":\"ListItem\",\"position\":3,\"name\":\"Nataci\u00f3\"}]},{\"@type\":\"WebSite\",\"@id\":\"https:\\\/\\\/www.cnab.cat\\\/#website\",\"url\":\"https:\\\/\\\/www.cnab.cat\\\/\",\"name\":\"Club Nataci\u00f3 Atl\u00e8tic-Barceloneta\",\"description\":\"Web del Club Nataci\u00f3 Atl\u00e8tic Barceloneta\",\"publisher\":{\"@id\":\"https:\\\/\\\/www.cnab.cat\\\/#organization\"},\"potentialAction\":[{\"@type\":\"SearchAction\",\"target\":{\"@type\":\"EntryPoint\",\"urlTemplate\":\"https:\\\/\\\/www.cnab.cat\\\/?s={search_term_string}\"},\"query-input\":{\"@type\":\"PropertyValueSpecification\",\"valueRequired\":true,\"valueName\":\"search_term_string\"}}],\"inLanguage\":\"ca\"},{\"@type\":\"Organization\",\"@id\":\"https:\\\/\\\/www.cnab.cat\\\/#organization\",\"name\":\"Club Nataci\u00f3 Atl\u00e8tic - Barceloneta\",\"url\":\"https:\\\/\\\/www.cnab.cat\\\/\",\"logo\":{\"@type\":\"ImageObject\",\"inLanguage\":\"ca\",\"@id\":\"https:\\\/\\\/www.cnab.cat\\\/#\\\/schema\\\/logo\\\/image\\\/\",\"url\":\"https:\\\/\\\/www.cnab.cat\\\/wp-content\\\/uploads\\\/2025\\\/12\\\/cropped-CNAB_LogoNoticia-6.jpg\",\"contentUrl\":\"https:\\\/\\\/www.cnab.cat\\\/wp-content\\\/uploads\\\/2025\\\/12\\\/cropped-CNAB_LogoNoticia-6.jpg\",\"width\":512,\"height\":512,\"caption\":\"Club Nataci\u00f3 Atl\u00e8tic - Barceloneta\"},\"image\":{\"@id\":\"https:\\\/\\\/www.cnab.cat\\\/#\\\/schema\\\/logo\\\/image\\\/\"},\"sameAs\":[\"https:\\\/\\\/www.facebook.com\\\/cnab.oficial\\\/\",\"https:\\\/\\\/x.com\\\/CNAB_oficial\",\"http:\\\/\\\/cnaboficial\"]}]}<\/script>\n<!-- \/ Yoast SEO plugin. -->","yoast_head_json":{"title":"Nataci\u00f3 - Club Nataci\u00f3 Atl\u00e8tic-Barceloneta","robots":{"index":"index","follow":"follow","max-snippet":"max-snippet:-1","max-image-preview":"max-image-preview:large","max-video-preview":"max-video-preview:-1"},"canonical":"https:\/\/www.cnab.cat\/ca\/competicio\/natacio\/","og_locale":"ca_ES","og_type":"article","og_title":"Nataci\u00f3 - Club Nataci\u00f3 Atl\u00e8tic-Barceloneta","og_description":"NATACI\u00d3","og_url":"https:\/\/www.cnab.cat\/ca\/competicio\/natacio\/","og_site_name":"Club Nataci\u00f3 Atl\u00e8tic-Barceloneta","article_publisher":"https:\/\/www.facebook.com\/cnab.oficial\/","og_image":[{"width":696,"height":696,"url":"https:\/\/www.cnab.cat\/wp-content\/uploads\/2019\/01\/46104306_1216958005113980_339020065233960960_n.jpg","type":"image\/jpeg"}],"twitter_card":"summary_large_image","twitter_site":"@CNAB_oficial","schema":{"@context":"https:\/\/schema.org","@graph":[{"@type":"WebPage","@id":"https:\/\/www.cnab.cat\/ca\/competicio\/natacio\/","url":"https:\/\/www.cnab.cat\/ca\/competicio\/natacio\/","name":"Nataci\u00f3 - Club Nataci\u00f3 Atl\u00e8tic-Barceloneta","isPartOf":{"@id":"https:\/\/www.cnab.cat\/#website"},"datePublished":"2026-04-07T12:27:55+00:00","breadcrumb":{"@id":"https:\/\/www.cnab.cat\/ca\/competicio\/natacio\/#breadcrumb"},"inLanguage":"ca","potentialAction":[{"@type":"ReadAction","target":["https:\/\/www.cnab.cat\/ca\/competicio\/natacio\/"]}]},{"@type":"BreadcrumbList","@id":"https:\/\/www.cnab.cat\/ca\/competicio\/natacio\/#breadcrumb","itemListElement":[{"@type":"ListItem","position":1,"name":"Inici","item":"https:\/\/www.cnab.cat\/ca\/inici\/"},{"@type":"ListItem","position":2,"name":"Competici\u00f3","item":"https:\/\/www.cnab.cat\/ca\/competicio\/"},{"@type":"ListItem","position":3,"name":"Nataci\u00f3"}]},{"@type":"WebSite","@id":"https:\/\/www.cnab.cat\/#website","url":"https:\/\/www.cnab.cat\/","name":"Club Nataci\u00f3 Atl\u00e8tic-Barceloneta","description":"Web del Club Nataci\u00f3 Atl\u00e8tic Barceloneta","publisher":{"@id":"https:\/\/www.cnab.cat\/#organization"},"potentialAction":[{"@type":"SearchAction","target":{"@type":"EntryPoint","urlTemplate":"https:\/\/www.cnab.cat\/?s={search_term_string}"},"query-input":{"@type":"PropertyValueSpecification","valueRequired":true,"valueName":"search_term_string"}}],"inLanguage":"ca"},{"@type":"Organization","@id":"https:\/\/www.cnab.cat\/#organization","name":"Club Nataci\u00f3 Atl\u00e8tic - Barceloneta","url":"https:\/\/www.cnab.cat\/","logo":{"@type":"ImageObject","inLanguage":"ca","@id":"https:\/\/www.cnab.cat\/#\/schema\/logo\/image\/","url":"https:\/\/www.cnab.cat\/wp-content\/uploads\/2025\/12\/cropped-CNAB_LogoNoticia-6.jpg","contentUrl":"https:\/\/www.cnab.cat\/wp-content\/uploads\/2025\/12\/cropped-CNAB_LogoNoticia-6.jpg","width":512,"height":512,"caption":"Club Nataci\u00f3 Atl\u00e8tic - Barceloneta"},"image":{"@id":"https:\/\/www.cnab.cat\/#\/schema\/logo\/image\/"},"sameAs":["https:\/\/www.facebook.com\/cnab.oficial\/","https:\/\/x.com\/CNAB_oficial","http:\/\/cnaboficial"]}]}},"_links":{"self":[{"href":"https:\/\/www.cnab.cat\/ca\/wp-json\/wp\/v2\/pages\/51037","targetHints":{"allow":["GET"]}}],"collection":[{"href":"https:\/\/www.cnab.cat\/ca\/wp-json\/wp\/v2\/pages"}],"about":[{"href":"https:\/\/www.cnab.cat\/ca\/wp-json\/wp\/v2\/types\/page"}],"author":[{"embeddable":true,"href":"https:\/\/www.cnab.cat\/ca\/wp-json\/wp\/v2\/users\/10000089"}],"replies":[{"embeddable":true,"href":"https:\/\/www.cnab.cat\/ca\/wp-json\/wp\/v2\/comments?post=51037"}],"version-history":[{"count":1,"href":"https:\/\/www.cnab.cat\/ca\/wp-json\/wp\/v2\/pages\/51037\/revisions"}],"predecessor-version":[{"id":51039,"href":"https:\/\/www.cnab.cat\/ca\/wp-json\/wp\/v2\/pages\/51037\/revisions\/51039"}],"up":[{"embeddable":true,"href":"https:\/\/www.cnab.cat\/ca\/wp-json\/wp\/v2\/pages\/51035"}],"wp:attachment":[{"href":"https:\/\/www.cnab.cat\/ca\/wp-json\/wp\/v2\/media?parent=51037"}],"curies":[{"name":"wp","href":"https:\/\/api.w.org\/{rel}","templated":true}]}}