{"id":51048,"date":"2026-04-07T14:28:32","date_gmt":"2026-04-07T12:28:32","guid":{"rendered":"https:\/\/www.cnab.cat\/politica-de-privacitat\/"},"modified":"2026-04-07T14:28:32","modified_gmt":"2026-04-07T12:28:32","slug":"politica-de-privacitat","status":"publish","type":"page","link":"https:\/\/www.cnab.cat\/ca\/politica-de-privacitat\/","title":{"rendered":"Pol\u00edtica de privacitat"},"content":{"rendered":"\t\t<div data-elementor-type=\"wp-page\" data-elementor-id=\"51048\" class=\"elementor elementor-51048 elementor-49586\" data-elementor-post-type=\"page\">\n\t\t\t\t<div class=\"elementor-element elementor-element-dab1529 e-flex e-con-boxed e-con e-parent\" data-id=\"dab1529\" data-element_type=\"container\" data-e-type=\"container\">\n\t\t\t\t\t<div class=\"e-con-inner\">\n\t\t\t\t<div class=\"elementor-element elementor-element-e38707d elementor-widget elementor-widget-heading\" data-id=\"e38707d\" data-element_type=\"widget\" data-e-type=\"widget\" data-widget_type=\"heading.default\">\n\t\t\t\t<div class=\"elementor-widget-container\">\n\t\t\t\t\t<h1 class=\"elementor-heading-title elementor-size-default\">POL\u00cdTICA DE PRIVACITAT<\/h1>\t\t\t\t<\/div>\n\t\t\t\t<\/div>\n\t\t\t\t<div class=\"elementor-element elementor-element-e9f86da elementor-widget elementor-widget-text-editor\" data-id=\"e9f86da\" data-element_type=\"widget\" data-e-type=\"widget\" data-widget_type=\"text-editor.default\">\n\t\t\t\t<div class=\"elementor-widget-container\">\n\t\t\t\t\t\t\t\t\t<p><strong>POL\u00cdTICA DE PRIVACITAT<\/strong><\/p><p>Si sou aqu\u00ed \u00e9s perqu\u00e8 voleu saber m\u00e9s sobre les obligacions i els drets que us corresponen com a usuari d\u2019aquest web <strong><\/strong> i aix\u00f2 est\u00e0 molt b\u00e9. El nostre deure \u00e9s informar-vos i el vostre, estar degudament informat.<\/p><p>En aquesta Pol\u00edtica de privacitat us informarem amb total transpar\u00e8ncia sobre la finalitat d\u2019aquest lloc web i tot all\u00f2 que afecta les dades que ens faciliteu, aix\u00ed com de les obligacions i els drets que us corresponen.<\/p><p>Per comen\u00e7ar, heu de saber que aquest lloc web s\u2019adapta a la normativa vigent en relaci\u00f3 amb la protecci\u00f3 de dades, cosa que afecta les dades personals que ens faciliteu amb el vostre consentiment expr\u00e9s i les cookies que utilitzem perqu\u00e8 aquest lloc web funcioni correctament i pugui desenvolupar la seva activitat.<\/p><p>Concretament, aquest web s\u2019ajusta al compliment de les normatives seg\u00fcents:<\/p><ul><li><strong>El RGPD<\/strong> (Reglament (UE) 2016\/679 del Parlament Europeu i del Consell, de 27 d\u2019abril de 2016, relatiu a la protecci\u00f3 de les persones f\u00edsiques), que unifica la regulaci\u00f3 del tractament de les dades personals als diferents pa\u00efsos de la UE.<\/li><li><strong>La LOPDGDD<\/strong> (Llei org\u00e0nica 3\/2018, de 5 de desembre, de protecci\u00f3 de dades personals i garantia dels drets digitals), que adapta la normativa espanyola al RGPD i regula drets digitals.<\/li><li><strong>La LSSI<\/strong> (Llei 34\/2002, d\u201911 de juliol, de serveis de la societat de la informaci\u00f3 i comer\u00e7 electr\u00f2nic), que regula les transaccions econ\u00f2miques mitjan\u00e7ant mitjans electr\u00f2nics, com \u00e9s el cas d\u2019aquest blog.<\/li><\/ul><p><strong>DADES D\u2019IDENTIFICACI\u00d3<\/strong><\/p><p>El responsable i titular d\u2019aquest lloc web \u00e9s <strong><\/strong>:<\/p><ul><li><strong>Nom:<\/strong> <\/li><li><strong>NIF:<\/strong> <\/li><li><strong>Domicili social:<\/strong> <\/li><li><strong>Activitat del lloc web:<\/strong> Distribuci\u00f3 de contingut relacionat amb <strong><\/strong>, mostra de publicitat i recomanaci\u00f3 de productes d\u2019afiliaci\u00f3.<\/li><li><strong>Correu electr\u00f2nic:<\/strong><\/li><\/ul><p>Les dades que ens faciliteu amb el vostre consentiment, i d\u2019acord amb l\u2019\u00fas establert a la nostra Pol\u00edtica de privacitat, s\u2019incorporaran a un fitxer automatitzat degudament inscrit a l\u2019Ag\u00e8ncia Espanyola de Protecci\u00f3 de Dades. Aix\u00f2 vol dir que les vostres dades estan segures, d\u2019acord amb el que estableix la llei. <\/p><p>Les dades personals que ens faciliteu, sempre amb el vostre consentiment expr\u00e9s, s\u2019emmagatzemaran i es tractaran amb les finalitats previstes i descrites a continuaci\u00f3 en aquesta Pol\u00edtica de privacitat, fins al moment en qu\u00e8 ens demaneu que les eliminem.<\/p><p>Us informem que aquesta Pol\u00edtica de privacitat es pot modificar en qualsevol moment per adaptar-la a novetats legislatives o canvis en les nostres activitats. La versi\u00f3 vigent ser\u00e0 sempre la publicada en aquest web, i qualsevol modificaci\u00f3 rellevant us ser\u00e0 notificada abans de la seva aplicaci\u00f3. <\/p><p><strong>CONDICIONS D\u2019\u00daS<\/strong><\/p><p>Heu de saber, per a la vostra tranquil\u00b7litat, que sempre us sol\u00b7licitarem el vostre consentiment expr\u00e9s per recollir les vostres dades amb la finalitat corresponent especificada en cada cas. Aix\u00f2 implica que, en cas d\u2019atorgar aquest consentiment, heu llegit i acceptat aquesta Pol\u00edtica de privacitat. <\/p><p>En accedir i utilitzar aquest web, assumiu la vostra condici\u00f3 d\u2019usuari amb els drets i obligacions corresponents.<\/p><ul><li>Si sou major de 14 anys, us podreu registrar com a usuari en aquest lloc web sense el consentiment previ dels vostres pares o tutors.<\/li><li>Si sou menor de 14 anys, necessitareu el consentiment dels vostres pares o tutors per al tractament de les vostres dades personals.<\/li><\/ul><p><strong>REGISTRE I FINALITAT DE LES VOSTRES DADES<\/strong><\/p><p>En funci\u00f3 del formulari o secci\u00f3 a la qual accediu, us sol\u00b7licitarem exclusivament les dades necess\u00e0ries amb les finalitats descrites a continuaci\u00f3. En tot moment, haureu de donar el vostre consentiment expr\u00e9s quan us sol\u00b7licitem informaci\u00f3 personal per a: <\/p><ul><li>Les finalitats concretes que s\u2019indiquin particularment a cadascuna de les p\u00e0gines o seccions on aparegui el formulari de registre o contacte electr\u00f2nic.<\/li><li>Atendre les vostres sol\u00b7licituds, comentaris, consultes o qualsevol tipus de petici\u00f3 que feu com a usuari a trav\u00e9s de qualsevol de les formes de contacte disponibles.<\/li><li>Informar-vos sobre consultes, activitats, productes, novetats i\/o serveis per diversos mitjans electr\u00f2nics o f\u00edsics.<\/li><li>Enviar-vos comunicacions comercials relacionades amb els nostres productes, serveis o promocions, aix\u00ed com aquells productes o serveis que puguem considerar del vostre inter\u00e8s oferts per col\u00b7laboradors o &#8220;partners&#8221; amb qui mantinguem acords de promoci\u00f3.<\/li><\/ul><p>Aquestes comunicacions les realitzar\u00e0 sempre Nom empresa, sense que tercers tinguin acc\u00e9s a les vostres dades personals.<\/p><p><strong>EXACTITUD I VERACITAT DE LES DADES<\/strong><\/p><p>Com a usuari, sou responsable de la veracitat i l\u2019actualitzaci\u00f3 de les dades que proporcioneu. Accepteu proporcionar informaci\u00f3 completa i correcta als formularis de contacte o subscripci\u00f3. <\/p><p><strong>BAIXES DE SUBSCRIPCI\u00d3 I DRET DE REVOCACI\u00d3<\/strong><\/p><p>Com a titular de les dades, podreu exercir en qualsevol moment els vostres drets d\u2019acc\u00e9s, rectificaci\u00f3, cancel\u00b7laci\u00f3 i oposici\u00f3 enviant un correu electr\u00f2nic a <strong><\/strong> adjuntant una c\u00f2pia del vostre document d\u2019identitat com a prova v\u00e0lida.<\/p><p><strong>ACC\u00c9S A DADES PER COMPTE DE TERCERS<\/strong><\/p><p>Per prestar serveis necessaris, compartim dades amb:<\/p><ul><li><strong>Dinahosting SL<\/strong>, prove\u00efdor de hosting. M\u00e9s informaci\u00f3 a <a href=\"https:\/\/dinahosting.com\/legal\/proteccion-datos\">https:\/\/dinahosting.com\/legal\/proteccion-datos<\/a>. <\/li><li><strong>Google Analytics<\/strong>: Analitza l\u2019\u00fas del lloc web. Consulteu la seva pol\u00edtica de privacitat a <a href=\"https:\/\/www.google.com\/intl\/es\/policies\/privacy\/\">https:\/\/www.google.com\/intl\/es\/policies\/privacy\/<\/a>. <\/li><li><strong>Google Adsense<\/strong>: Publica anuncis personalitzats. Consulteu la seva pol\u00edtica a <a href=\"https:\/\/www.google.com\/intl\/es\/policies\/privacy\/\">https:\/\/www.google.com\/intl\/es\/policies\/privacy\/<\/a>. <\/li><\/ul><p><strong>MESURES DE SEGURETAT<\/strong><\/p><p>Nom empresa ha adoptat totes les mesures necess\u00e0ries per garantir la seguretat i la integritat de les vostres dades personals i evitar-ne la p\u00e8rdua, l\u2019alteraci\u00f3 o l\u2019acc\u00e9s no autoritzat per part de tercers.<\/p><p>Per a m\u00e9s informaci\u00f3, podeu consultar les nostres p\u00e0gines d\u2019Av\u00eds legal i Pol\u00edtica de cookies.<\/p>\t\t\t\t\t\t\t\t<\/div>\n\t\t\t\t<\/div>\n\t\t\t\t\t<\/div>\n\t\t\t\t<\/div>\n\t\t\t\t<\/div>\n\t\t","protected":false},"excerpt":{"rendered":"<p>POL\u00cdTICA DE PRIVACITAT POL\u00cdTICA DE PRIVACITAT Si sou aqu\u00ed \u00e9s perqu\u00e8 voleu saber m\u00e9s sobre les obligacions i els drets que us corresponen com a usuari d\u2019aquest web i aix\u00f2 est\u00e0 molt b\u00e9. El nostre deure \u00e9s informar-vos i el vostre, estar degudament informat. En aquesta Pol\u00edtica de privacitat us informarem amb total transpar\u00e8ncia sobre [&hellip;]<\/p>\n","protected":false},"author":10000089,"featured_media":0,"parent":0,"menu_order":0,"comment_status":"closed","ping_status":"closed","template":"","meta":{"_acf_changed":false,"footnotes":""},"class_list":["post-51048","page","type-page","status-publish","hentry"],"acf":[],"yoast_head":"<!-- This site is optimized with the Yoast SEO plugin v27.4 - https:\/\/yoast.com\/product\/yoast-seo-wordpress\/ -->\n<title>Pol\u00edtica de privacitat - Club Nataci\u00f3 Atl\u00e8tic-Barceloneta<\/title>\n<meta name=\"robots\" content=\"index, follow, max-snippet:-1, max-image-preview:large, max-video-preview:-1\" \/>\n<link rel=\"canonical\" href=\"https:\/\/www.cnab.cat\/ca\/politica-de-privacitat\/\" \/>\n<meta property=\"og:locale\" content=\"ca_ES\" \/>\n<meta property=\"og:type\" content=\"article\" \/>\n<meta property=\"og:title\" content=\"Pol\u00edtica de privacitat - Club Nataci\u00f3 Atl\u00e8tic-Barceloneta\" \/>\n<meta property=\"og:description\" content=\"POL\u00cdTICA DE PRIVACITAT POL\u00cdTICA DE PRIVACITAT Si sou aqu\u00ed \u00e9s perqu\u00e8 voleu saber m\u00e9s sobre les obligacions i els drets que us corresponen com a usuari d\u2019aquest web i aix\u00f2 est\u00e0 molt b\u00e9. El nostre deure \u00e9s informar-vos i el vostre, estar degudament informat. En aquesta Pol\u00edtica de privacitat us informarem amb total transpar\u00e8ncia sobre [&hellip;]\" \/>\n<meta property=\"og:url\" content=\"https:\/\/www.cnab.cat\/ca\/politica-de-privacitat\/\" \/>\n<meta property=\"og:site_name\" content=\"Club Nataci\u00f3 Atl\u00e8tic-Barceloneta\" \/>\n<meta property=\"article:publisher\" content=\"https:\/\/www.facebook.com\/cnab.oficial\/\" \/>\n<meta property=\"og:image\" content=\"https:\/\/www.cnab.cat\/wp-content\/uploads\/2019\/01\/46104306_1216958005113980_339020065233960960_n.jpg\" \/>\n\t<meta property=\"og:image:width\" content=\"696\" \/>\n\t<meta property=\"og:image:height\" content=\"696\" \/>\n\t<meta property=\"og:image:type\" content=\"image\/jpeg\" \/>\n<meta name=\"twitter:card\" content=\"summary_large_image\" \/>\n<meta name=\"twitter:site\" content=\"@CNAB_oficial\" \/>\n<meta name=\"twitter:label1\" content=\"Temps estimat de lectura\" \/>\n\t<meta name=\"twitter:data1\" content=\"5 minuts\" \/>\n<script type=\"application\/ld+json\" class=\"yoast-schema-graph\">{\"@context\":\"https:\\\/\\\/schema.org\",\"@graph\":[{\"@type\":\"WebPage\",\"@id\":\"https:\\\/\\\/www.cnab.cat\\\/ca\\\/politica-de-privacitat\\\/\",\"url\":\"https:\\\/\\\/www.cnab.cat\\\/ca\\\/politica-de-privacitat\\\/\",\"name\":\"Pol\u00edtica de privacitat - Club Nataci\u00f3 Atl\u00e8tic-Barceloneta\",\"isPartOf\":{\"@id\":\"https:\\\/\\\/www.cnab.cat\\\/#website\"},\"datePublished\":\"2026-04-07T12:28:32+00:00\",\"breadcrumb\":{\"@id\":\"https:\\\/\\\/www.cnab.cat\\\/ca\\\/politica-de-privacitat\\\/#breadcrumb\"},\"inLanguage\":\"ca\",\"potentialAction\":[{\"@type\":\"ReadAction\",\"target\":[\"https:\\\/\\\/www.cnab.cat\\\/ca\\\/politica-de-privacitat\\\/\"]}]},{\"@type\":\"BreadcrumbList\",\"@id\":\"https:\\\/\\\/www.cnab.cat\\\/ca\\\/politica-de-privacitat\\\/#breadcrumb\",\"itemListElement\":[{\"@type\":\"ListItem\",\"position\":1,\"name\":\"Inici\",\"item\":\"https:\\\/\\\/www.cnab.cat\\\/ca\\\/inici\\\/\"},{\"@type\":\"ListItem\",\"position\":2,\"name\":\"Pol\u00edtica de privacitat\"}]},{\"@type\":\"WebSite\",\"@id\":\"https:\\\/\\\/www.cnab.cat\\\/#website\",\"url\":\"https:\\\/\\\/www.cnab.cat\\\/\",\"name\":\"Club Nataci\u00f3 Atl\u00e8tic-Barceloneta\",\"description\":\"Web del Club Nataci\u00f3 Atl\u00e8tic Barceloneta\",\"publisher\":{\"@id\":\"https:\\\/\\\/www.cnab.cat\\\/#organization\"},\"potentialAction\":[{\"@type\":\"SearchAction\",\"target\":{\"@type\":\"EntryPoint\",\"urlTemplate\":\"https:\\\/\\\/www.cnab.cat\\\/?s={search_term_string}\"},\"query-input\":{\"@type\":\"PropertyValueSpecification\",\"valueRequired\":true,\"valueName\":\"search_term_string\"}}],\"inLanguage\":\"ca\"},{\"@type\":\"Organization\",\"@id\":\"https:\\\/\\\/www.cnab.cat\\\/#organization\",\"name\":\"Club Nataci\u00f3 Atl\u00e8tic - Barceloneta\",\"url\":\"https:\\\/\\\/www.cnab.cat\\\/\",\"logo\":{\"@type\":\"ImageObject\",\"inLanguage\":\"ca\",\"@id\":\"https:\\\/\\\/www.cnab.cat\\\/#\\\/schema\\\/logo\\\/image\\\/\",\"url\":\"https:\\\/\\\/www.cnab.cat\\\/wp-content\\\/uploads\\\/2025\\\/12\\\/cropped-CNAB_LogoNoticia-6.jpg\",\"contentUrl\":\"https:\\\/\\\/www.cnab.cat\\\/wp-content\\\/uploads\\\/2025\\\/12\\\/cropped-CNAB_LogoNoticia-6.jpg\",\"width\":512,\"height\":512,\"caption\":\"Club Nataci\u00f3 Atl\u00e8tic - Barceloneta\"},\"image\":{\"@id\":\"https:\\\/\\\/www.cnab.cat\\\/#\\\/schema\\\/logo\\\/image\\\/\"},\"sameAs\":[\"https:\\\/\\\/www.facebook.com\\\/cnab.oficial\\\/\",\"https:\\\/\\\/x.com\\\/CNAB_oficial\",\"http:\\\/\\\/cnaboficial\"]}]}<\/script>\n<!-- \/ Yoast SEO plugin. -->","yoast_head_json":{"title":"Pol\u00edtica de privacitat - Club Nataci\u00f3 Atl\u00e8tic-Barceloneta","robots":{"index":"index","follow":"follow","max-snippet":"max-snippet:-1","max-image-preview":"max-image-preview:large","max-video-preview":"max-video-preview:-1"},"canonical":"https:\/\/www.cnab.cat\/ca\/politica-de-privacitat\/","og_locale":"ca_ES","og_type":"article","og_title":"Pol\u00edtica de privacitat - Club Nataci\u00f3 Atl\u00e8tic-Barceloneta","og_description":"POL\u00cdTICA DE PRIVACITAT POL\u00cdTICA DE PRIVACITAT Si sou aqu\u00ed \u00e9s perqu\u00e8 voleu saber m\u00e9s sobre les obligacions i els drets que us corresponen com a usuari d\u2019aquest web i aix\u00f2 est\u00e0 molt b\u00e9. El nostre deure \u00e9s informar-vos i el vostre, estar degudament informat. En aquesta Pol\u00edtica de privacitat us informarem amb total transpar\u00e8ncia sobre [&hellip;]","og_url":"https:\/\/www.cnab.cat\/ca\/politica-de-privacitat\/","og_site_name":"Club Nataci\u00f3 Atl\u00e8tic-Barceloneta","article_publisher":"https:\/\/www.facebook.com\/cnab.oficial\/","og_image":[{"width":696,"height":696,"url":"https:\/\/www.cnab.cat\/wp-content\/uploads\/2019\/01\/46104306_1216958005113980_339020065233960960_n.jpg","type":"image\/jpeg"}],"twitter_card":"summary_large_image","twitter_site":"@CNAB_oficial","twitter_misc":{"Temps estimat de lectura":"5 minuts"},"schema":{"@context":"https:\/\/schema.org","@graph":[{"@type":"WebPage","@id":"https:\/\/www.cnab.cat\/ca\/politica-de-privacitat\/","url":"https:\/\/www.cnab.cat\/ca\/politica-de-privacitat\/","name":"Pol\u00edtica de privacitat - Club Nataci\u00f3 Atl\u00e8tic-Barceloneta","isPartOf":{"@id":"https:\/\/www.cnab.cat\/#website"},"datePublished":"2026-04-07T12:28:32+00:00","breadcrumb":{"@id":"https:\/\/www.cnab.cat\/ca\/politica-de-privacitat\/#breadcrumb"},"inLanguage":"ca","potentialAction":[{"@type":"ReadAction","target":["https:\/\/www.cnab.cat\/ca\/politica-de-privacitat\/"]}]},{"@type":"BreadcrumbList","@id":"https:\/\/www.cnab.cat\/ca\/politica-de-privacitat\/#breadcrumb","itemListElement":[{"@type":"ListItem","position":1,"name":"Inici","item":"https:\/\/www.cnab.cat\/ca\/inici\/"},{"@type":"ListItem","position":2,"name":"Pol\u00edtica de privacitat"}]},{"@type":"WebSite","@id":"https:\/\/www.cnab.cat\/#website","url":"https:\/\/www.cnab.cat\/","name":"Club Nataci\u00f3 Atl\u00e8tic-Barceloneta","description":"Web del Club Nataci\u00f3 Atl\u00e8tic Barceloneta","publisher":{"@id":"https:\/\/www.cnab.cat\/#organization"},"potentialAction":[{"@type":"SearchAction","target":{"@type":"EntryPoint","urlTemplate":"https:\/\/www.cnab.cat\/?s={search_term_string}"},"query-input":{"@type":"PropertyValueSpecification","valueRequired":true,"valueName":"search_term_string"}}],"inLanguage":"ca"},{"@type":"Organization","@id":"https:\/\/www.cnab.cat\/#organization","name":"Club Nataci\u00f3 Atl\u00e8tic - Barceloneta","url":"https:\/\/www.cnab.cat\/","logo":{"@type":"ImageObject","inLanguage":"ca","@id":"https:\/\/www.cnab.cat\/#\/schema\/logo\/image\/","url":"https:\/\/www.cnab.cat\/wp-content\/uploads\/2025\/12\/cropped-CNAB_LogoNoticia-6.jpg","contentUrl":"https:\/\/www.cnab.cat\/wp-content\/uploads\/2025\/12\/cropped-CNAB_LogoNoticia-6.jpg","width":512,"height":512,"caption":"Club Nataci\u00f3 Atl\u00e8tic - Barceloneta"},"image":{"@id":"https:\/\/www.cnab.cat\/#\/schema\/logo\/image\/"},"sameAs":["https:\/\/www.facebook.com\/cnab.oficial\/","https:\/\/x.com\/CNAB_oficial","http:\/\/cnaboficial"]}]}},"_links":{"self":[{"href":"https:\/\/www.cnab.cat\/ca\/wp-json\/wp\/v2\/pages\/51048","targetHints":{"allow":["GET"]}}],"collection":[{"href":"https:\/\/www.cnab.cat\/ca\/wp-json\/wp\/v2\/pages"}],"about":[{"href":"https:\/\/www.cnab.cat\/ca\/wp-json\/wp\/v2\/types\/page"}],"author":[{"embeddable":true,"href":"https:\/\/www.cnab.cat\/ca\/wp-json\/wp\/v2\/users\/10000089"}],"replies":[{"embeddable":true,"href":"https:\/\/www.cnab.cat\/ca\/wp-json\/wp\/v2\/comments?post=51048"}],"version-history":[{"count":1,"href":"https:\/\/www.cnab.cat\/ca\/wp-json\/wp\/v2\/pages\/51048\/revisions"}],"predecessor-version":[{"id":51049,"href":"https:\/\/www.cnab.cat\/ca\/wp-json\/wp\/v2\/pages\/51048\/revisions\/51049"}],"wp:attachment":[{"href":"https:\/\/www.cnab.cat\/ca\/wp-json\/wp\/v2\/media?parent=51048"}],"curies":[{"name":"wp","href":"https:\/\/api.w.org\/{rel}","templated":true}]}}