{"id":51119,"date":"2026-04-07T14:31:23","date_gmt":"2026-04-07T12:31:23","guid":{"rendered":"https:\/\/www.cnab.cat\/politica-daccessibilitat\/"},"modified":"2026-04-07T14:31:24","modified_gmt":"2026-04-07T12:31:24","slug":"politica-daccessibilitat","status":"publish","type":"page","link":"https:\/\/www.cnab.cat\/ca\/politica-daccessibilitat\/","title":{"rendered":"Pol\u00edtica d\u2019accessibilitat"},"content":{"rendered":"\t\t<div data-elementor-type=\"wp-page\" data-elementor-id=\"51119\" class=\"elementor elementor-51119 elementor-49573\" data-elementor-post-type=\"page\">\n\t\t\t\t<div class=\"elementor-element elementor-element-f8fa68f e-flex e-con-boxed e-con e-parent\" data-id=\"f8fa68f\" data-element_type=\"container\" data-e-type=\"container\">\n\t\t\t\t\t<div class=\"e-con-inner\">\n\t\t\t\t<div class=\"elementor-element elementor-element-20278ba elementor-widget elementor-widget-heading\" data-id=\"20278ba\" data-element_type=\"widget\" data-e-type=\"widget\" data-widget_type=\"heading.default\">\n\t\t\t\t<div class=\"elementor-widget-container\">\n\t\t\t\t\t<h1 class=\"elementor-heading-title elementor-size-default\">POL\u00cdTICA D\u2019ACCESSIBILITAT<\/h1>\t\t\t\t<\/div>\n\t\t\t\t<\/div>\n\t\t\t\t<div class=\"elementor-element elementor-element-8cc598a elementor-widget elementor-widget-text-editor\" data-id=\"8cc598a\" data-element_type=\"widget\" data-e-type=\"widget\" data-widget_type=\"text-editor.default\">\n\t\t\t\t<div class=\"elementor-widget-container\">\n\t\t\t\t\t\t\t\t\t<p>L\u2019empresa <strong><\/strong> s\u2019ha comprom\u00e8s a fer accessible el seu lloc web de conformitat amb el Reial decret 1112\/2018, de 7 de setembre, sobre accessibilitat dels llocs web i aplicacions per a dispositius m\u00f2bils del sector p\u00fablic, o desenvolupaments finan\u00e7ats des d\u2019Europa.<\/p><p>Aquesta declaraci\u00f3 d\u2019accessibilitat s\u2019aplica al lloc web <strong><\/strong><span style=\"color: #ff0000;\"><strong> <\/strong><\/span>excloent els continguts incrustats provinents d\u2019altres dominis.<\/p><p><strong>Situaci\u00f3 de compliment<\/strong><br>Aquest lloc web \u00e9s parcialment conforme amb el RD 1112\/2018 a causa de la manca de conformitat dels aspectes que s\u2019indiquen a continuaci\u00f3.<\/p><p><strong>Contingut no accessible<\/strong><\/p><p>El contingut que es recull a continuaci\u00f3 no \u00e9s accessible pels motius seg\u00fcents:<\/p><ul><li>Manca de conformitat:<\/li><li>Poden existir algunes imatges l\u2019alternativa de les quals no estigui implementada o no sigui correcta &#8211; \u2013 Requisit 9.1.1.1 Contingut no textual UNE-EN 301549:2022<\/li><li>Als formularis, pot haver-hi camps en qu\u00e8 no s\u2019hagi facilitat l\u2019emplenament mitjan\u00e7ant sistemes autom\u00e0tics \u2013 Requisit 9.1.3.5 Identificar el prop\u00f2sit de l\u2019entrada UNE-EN 301549:2022<\/li><li>Pot haver-hi elements el contrast dels quals no sigui suficient en algunes p\u00e0gines \u2013 Requisit 9.1.4.3 Contrast UNE-EN 301549:2020<\/li><li>Pot haver-hi camps de formulari en qu\u00e8 l\u2019etiqueta no sigui correcta o no existeixi \u2013 Requisit n\u00famero 9.3.3.2 Etiquetes o instruccions de UNE-EN 301549:2022<\/li><li>Poden existir alguns errors d\u2019an\u00e0lisi (parseig) al codi &#8211; Requisit n\u00famero 9.4.1.1 Processament de UNE-EN 301549:2022<\/li><li>Podrien existir errades puntuals d\u2019edici\u00f3 en alguna p\u00e0gina web.<\/li><li>C\u00e0rrega desproporcionada: no \u00e9s aplicable.<\/li><li>El contingut no entra dins l\u2019\u00e0mbit de la legislaci\u00f3 aplicable.<br>Podrien existir arxius ofim\u00e0tics en PDF o altres formats publicats abans del 20 de setembre de 2018 que no compleixin \u00edntegrament tots els requisits d\u2019accessibilitat.<br>Pot haver-hi continguts de tercers que no estiguin desenvolupats en aquesta Unitat, ni sota el seu control, com ara arxius ofim\u00e0tics de diferents organismes que s\u2019hagin de publicar en aquest lloc.<\/li><\/ul><p><strong>Observacions i dades de contacte<\/strong><\/p><ul><li>Podeu fer comunicacions sobre requisits d\u2019accessibilitat [article 10.2.a) del RD 1112\/2018] com, per exemple:<br>Informar sobre qualsevol possible incompliment per part d\u2019aquest lloc web.<\/li><li>Comunicar altres dificultats d\u2019acc\u00e9s al contingut.<\/li><li>Formular qualsevol altra consulta o suggeriment de millora relativa a l\u2019accessibilitat del lloc web a trav\u00e9s del correu electr\u00f2nic seg\u00fcent: <strong><\/strong> o trucant al tel\u00e8fon <strong><\/strong> de 9 a 14 hores de dilluns a divendres.<\/li><\/ul><p><strong>Podeu presentar:<\/strong><\/p><ul><li>Una queixa relativa al compliment dels requisits del RD 1112\/2018<\/li><li>Una sol\u00b7licitud d\u2019informaci\u00f3 accessible relativa a:<ul><li>Continguts que estan exclosos de l\u2019\u00e0mbit d\u2019aplicaci\u00f3 del RD 1112\/2018 segons el que estableix l\u2019article 3, apartat 4.<\/li><li>Continguts que estan exempts del compliment dels requisits d\u2019accessibilitat per imposar una c\u00e0rrega desproporcionada.<\/li><\/ul><\/li><\/ul><p>A la sol\u00b7licitud d\u2019informaci\u00f3 accessible, s\u2019han de concretar, amb tota claredat, els fets, les raons i la petici\u00f3 que permetin constatar que es tracta d\u2019una sol\u00b7licitud raonable i leg\u00edtima.<\/p>\t\t\t\t\t\t\t\t<\/div>\n\t\t\t\t<\/div>\n\t\t\t\t\t<\/div>\n\t\t\t\t<\/div>\n\t\t\t\t<\/div>\n\t\t","protected":false},"excerpt":{"rendered":"<p>POL\u00cdTICA D\u2019ACCESSIBILITAT L\u2019empresa s\u2019ha comprom\u00e8s a fer accessible el seu lloc web de conformitat amb el Reial decret 1112\/2018, de 7 de setembre, sobre accessibilitat dels llocs web i aplicacions per a dispositius m\u00f2bils del sector p\u00fablic, o desenvolupaments finan\u00e7ats des d\u2019Europa. Aquesta declaraci\u00f3 d\u2019accessibilitat s\u2019aplica al lloc web excloent els continguts incrustats provinents d\u2019altres [&hellip;]<\/p>\n","protected":false},"author":10000089,"featured_media":0,"parent":0,"menu_order":0,"comment_status":"closed","ping_status":"closed","template":"","meta":{"_acf_changed":false,"footnotes":""},"class_list":["post-51119","page","type-page","status-publish","hentry"],"acf":[],"yoast_head":"<!-- This site is optimized with the Yoast SEO plugin v27.4 - https:\/\/yoast.com\/product\/yoast-seo-wordpress\/ -->\n<title>Pol\u00edtica d\u2019accessibilitat - Club Nataci\u00f3 Atl\u00e8tic-Barceloneta<\/title>\n<meta name=\"robots\" content=\"index, follow, max-snippet:-1, max-image-preview:large, max-video-preview:-1\" \/>\n<link rel=\"canonical\" href=\"https:\/\/www.cnab.cat\/ca\/politica-daccessibilitat\/\" \/>\n<meta property=\"og:locale\" content=\"ca_ES\" \/>\n<meta property=\"og:type\" content=\"article\" \/>\n<meta property=\"og:title\" content=\"Pol\u00edtica d\u2019accessibilitat - Club Nataci\u00f3 Atl\u00e8tic-Barceloneta\" \/>\n<meta property=\"og:description\" content=\"POL\u00cdTICA D\u2019ACCESSIBILITAT L\u2019empresa s\u2019ha comprom\u00e8s a fer accessible el seu lloc web de conformitat amb el Reial decret 1112\/2018, de 7 de setembre, sobre accessibilitat dels llocs web i aplicacions per a dispositius m\u00f2bils del sector p\u00fablic, o desenvolupaments finan\u00e7ats des d\u2019Europa. Aquesta declaraci\u00f3 d\u2019accessibilitat s\u2019aplica al lloc web excloent els continguts incrustats provinents d\u2019altres [&hellip;]\" \/>\n<meta property=\"og:url\" content=\"https:\/\/www.cnab.cat\/ca\/politica-daccessibilitat\/\" \/>\n<meta property=\"og:site_name\" content=\"Club Nataci\u00f3 Atl\u00e8tic-Barceloneta\" \/>\n<meta property=\"article:publisher\" content=\"https:\/\/www.facebook.com\/cnab.oficial\/\" \/>\n<meta property=\"article:modified_time\" content=\"2026-04-07T12:31:24+00:00\" \/>\n<meta property=\"og:image\" content=\"https:\/\/www.cnab.cat\/wp-content\/uploads\/2019\/01\/46104306_1216958005113980_339020065233960960_n.jpg\" \/>\n\t<meta property=\"og:image:width\" content=\"696\" \/>\n\t<meta property=\"og:image:height\" content=\"696\" \/>\n\t<meta property=\"og:image:type\" content=\"image\/jpeg\" \/>\n<meta name=\"twitter:card\" content=\"summary_large_image\" \/>\n<meta name=\"twitter:site\" content=\"@CNAB_oficial\" \/>\n<meta name=\"twitter:label1\" content=\"Temps estimat de lectura\" \/>\n\t<meta name=\"twitter:data1\" content=\"2 minuts\" \/>\n<script type=\"application\/ld+json\" class=\"yoast-schema-graph\">{\"@context\":\"https:\\\/\\\/schema.org\",\"@graph\":[{\"@type\":\"WebPage\",\"@id\":\"https:\\\/\\\/www.cnab.cat\\\/ca\\\/politica-daccessibilitat\\\/\",\"url\":\"https:\\\/\\\/www.cnab.cat\\\/ca\\\/politica-daccessibilitat\\\/\",\"name\":\"Pol\u00edtica d\u2019accessibilitat - Club Nataci\u00f3 Atl\u00e8tic-Barceloneta\",\"isPartOf\":{\"@id\":\"https:\\\/\\\/www.cnab.cat\\\/#website\"},\"datePublished\":\"2026-04-07T12:31:23+00:00\",\"dateModified\":\"2026-04-07T12:31:24+00:00\",\"breadcrumb\":{\"@id\":\"https:\\\/\\\/www.cnab.cat\\\/ca\\\/politica-daccessibilitat\\\/#breadcrumb\"},\"inLanguage\":\"ca\",\"potentialAction\":[{\"@type\":\"ReadAction\",\"target\":[\"https:\\\/\\\/www.cnab.cat\\\/ca\\\/politica-daccessibilitat\\\/\"]}]},{\"@type\":\"BreadcrumbList\",\"@id\":\"https:\\\/\\\/www.cnab.cat\\\/ca\\\/politica-daccessibilitat\\\/#breadcrumb\",\"itemListElement\":[{\"@type\":\"ListItem\",\"position\":1,\"name\":\"Inici\",\"item\":\"https:\\\/\\\/www.cnab.cat\\\/ca\\\/inici\\\/\"},{\"@type\":\"ListItem\",\"position\":2,\"name\":\"Pol\u00edtica d\u2019accessibilitat\"}]},{\"@type\":\"WebSite\",\"@id\":\"https:\\\/\\\/www.cnab.cat\\\/#website\",\"url\":\"https:\\\/\\\/www.cnab.cat\\\/\",\"name\":\"Club Nataci\u00f3 Atl\u00e8tic-Barceloneta\",\"description\":\"Web del Club Nataci\u00f3 Atl\u00e8tic Barceloneta\",\"publisher\":{\"@id\":\"https:\\\/\\\/www.cnab.cat\\\/#organization\"},\"potentialAction\":[{\"@type\":\"SearchAction\",\"target\":{\"@type\":\"EntryPoint\",\"urlTemplate\":\"https:\\\/\\\/www.cnab.cat\\\/?s={search_term_string}\"},\"query-input\":{\"@type\":\"PropertyValueSpecification\",\"valueRequired\":true,\"valueName\":\"search_term_string\"}}],\"inLanguage\":\"ca\"},{\"@type\":\"Organization\",\"@id\":\"https:\\\/\\\/www.cnab.cat\\\/#organization\",\"name\":\"Club Nataci\u00f3 Atl\u00e8tic - Barceloneta\",\"url\":\"https:\\\/\\\/www.cnab.cat\\\/\",\"logo\":{\"@type\":\"ImageObject\",\"inLanguage\":\"ca\",\"@id\":\"https:\\\/\\\/www.cnab.cat\\\/#\\\/schema\\\/logo\\\/image\\\/\",\"url\":\"https:\\\/\\\/www.cnab.cat\\\/wp-content\\\/uploads\\\/2025\\\/12\\\/cropped-CNAB_LogoNoticia-6.jpg\",\"contentUrl\":\"https:\\\/\\\/www.cnab.cat\\\/wp-content\\\/uploads\\\/2025\\\/12\\\/cropped-CNAB_LogoNoticia-6.jpg\",\"width\":512,\"height\":512,\"caption\":\"Club Nataci\u00f3 Atl\u00e8tic - Barceloneta\"},\"image\":{\"@id\":\"https:\\\/\\\/www.cnab.cat\\\/#\\\/schema\\\/logo\\\/image\\\/\"},\"sameAs\":[\"https:\\\/\\\/www.facebook.com\\\/cnab.oficial\\\/\",\"https:\\\/\\\/x.com\\\/CNAB_oficial\",\"http:\\\/\\\/cnaboficial\"]}]}<\/script>\n<!-- \/ Yoast SEO plugin. -->","yoast_head_json":{"title":"Pol\u00edtica d\u2019accessibilitat - Club Nataci\u00f3 Atl\u00e8tic-Barceloneta","robots":{"index":"index","follow":"follow","max-snippet":"max-snippet:-1","max-image-preview":"max-image-preview:large","max-video-preview":"max-video-preview:-1"},"canonical":"https:\/\/www.cnab.cat\/ca\/politica-daccessibilitat\/","og_locale":"ca_ES","og_type":"article","og_title":"Pol\u00edtica d\u2019accessibilitat - Club Nataci\u00f3 Atl\u00e8tic-Barceloneta","og_description":"POL\u00cdTICA D\u2019ACCESSIBILITAT L\u2019empresa s\u2019ha comprom\u00e8s a fer accessible el seu lloc web de conformitat amb el Reial decret 1112\/2018, de 7 de setembre, sobre accessibilitat dels llocs web i aplicacions per a dispositius m\u00f2bils del sector p\u00fablic, o desenvolupaments finan\u00e7ats des d\u2019Europa. Aquesta declaraci\u00f3 d\u2019accessibilitat s\u2019aplica al lloc web excloent els continguts incrustats provinents d\u2019altres [&hellip;]","og_url":"https:\/\/www.cnab.cat\/ca\/politica-daccessibilitat\/","og_site_name":"Club Nataci\u00f3 Atl\u00e8tic-Barceloneta","article_publisher":"https:\/\/www.facebook.com\/cnab.oficial\/","article_modified_time":"2026-04-07T12:31:24+00:00","og_image":[{"width":696,"height":696,"url":"https:\/\/www.cnab.cat\/wp-content\/uploads\/2019\/01\/46104306_1216958005113980_339020065233960960_n.jpg","type":"image\/jpeg"}],"twitter_card":"summary_large_image","twitter_site":"@CNAB_oficial","twitter_misc":{"Temps estimat de lectura":"2 minuts"},"schema":{"@context":"https:\/\/schema.org","@graph":[{"@type":"WebPage","@id":"https:\/\/www.cnab.cat\/ca\/politica-daccessibilitat\/","url":"https:\/\/www.cnab.cat\/ca\/politica-daccessibilitat\/","name":"Pol\u00edtica d\u2019accessibilitat - Club Nataci\u00f3 Atl\u00e8tic-Barceloneta","isPartOf":{"@id":"https:\/\/www.cnab.cat\/#website"},"datePublished":"2026-04-07T12:31:23+00:00","dateModified":"2026-04-07T12:31:24+00:00","breadcrumb":{"@id":"https:\/\/www.cnab.cat\/ca\/politica-daccessibilitat\/#breadcrumb"},"inLanguage":"ca","potentialAction":[{"@type":"ReadAction","target":["https:\/\/www.cnab.cat\/ca\/politica-daccessibilitat\/"]}]},{"@type":"BreadcrumbList","@id":"https:\/\/www.cnab.cat\/ca\/politica-daccessibilitat\/#breadcrumb","itemListElement":[{"@type":"ListItem","position":1,"name":"Inici","item":"https:\/\/www.cnab.cat\/ca\/inici\/"},{"@type":"ListItem","position":2,"name":"Pol\u00edtica d\u2019accessibilitat"}]},{"@type":"WebSite","@id":"https:\/\/www.cnab.cat\/#website","url":"https:\/\/www.cnab.cat\/","name":"Club Nataci\u00f3 Atl\u00e8tic-Barceloneta","description":"Web del Club Nataci\u00f3 Atl\u00e8tic Barceloneta","publisher":{"@id":"https:\/\/www.cnab.cat\/#organization"},"potentialAction":[{"@type":"SearchAction","target":{"@type":"EntryPoint","urlTemplate":"https:\/\/www.cnab.cat\/?s={search_term_string}"},"query-input":{"@type":"PropertyValueSpecification","valueRequired":true,"valueName":"search_term_string"}}],"inLanguage":"ca"},{"@type":"Organization","@id":"https:\/\/www.cnab.cat\/#organization","name":"Club Nataci\u00f3 Atl\u00e8tic - Barceloneta","url":"https:\/\/www.cnab.cat\/","logo":{"@type":"ImageObject","inLanguage":"ca","@id":"https:\/\/www.cnab.cat\/#\/schema\/logo\/image\/","url":"https:\/\/www.cnab.cat\/wp-content\/uploads\/2025\/12\/cropped-CNAB_LogoNoticia-6.jpg","contentUrl":"https:\/\/www.cnab.cat\/wp-content\/uploads\/2025\/12\/cropped-CNAB_LogoNoticia-6.jpg","width":512,"height":512,"caption":"Club Nataci\u00f3 Atl\u00e8tic - Barceloneta"},"image":{"@id":"https:\/\/www.cnab.cat\/#\/schema\/logo\/image\/"},"sameAs":["https:\/\/www.facebook.com\/cnab.oficial\/","https:\/\/x.com\/CNAB_oficial","http:\/\/cnaboficial"]}]}},"_links":{"self":[{"href":"https:\/\/www.cnab.cat\/ca\/wp-json\/wp\/v2\/pages\/51119","targetHints":{"allow":["GET"]}}],"collection":[{"href":"https:\/\/www.cnab.cat\/ca\/wp-json\/wp\/v2\/pages"}],"about":[{"href":"https:\/\/www.cnab.cat\/ca\/wp-json\/wp\/v2\/types\/page"}],"author":[{"embeddable":true,"href":"https:\/\/www.cnab.cat\/ca\/wp-json\/wp\/v2\/users\/10000089"}],"replies":[{"embeddable":true,"href":"https:\/\/www.cnab.cat\/ca\/wp-json\/wp\/v2\/comments?post=51119"}],"version-history":[{"count":1,"href":"https:\/\/www.cnab.cat\/ca\/wp-json\/wp\/v2\/pages\/51119\/revisions"}],"predecessor-version":[{"id":51120,"href":"https:\/\/www.cnab.cat\/ca\/wp-json\/wp\/v2\/pages\/51119\/revisions\/51120"}],"wp:attachment":[{"href":"https:\/\/www.cnab.cat\/ca\/wp-json\/wp\/v2\/media?parent=51119"}],"curies":[{"name":"wp","href":"https:\/\/api.w.org\/{rel}","templated":true}]}}