{"id":51232,"date":"2026-04-07T16:49:56","date_gmt":"2026-04-07T14:49:56","guid":{"rendered":"https:\/\/www.cnab.cat\/avis-legal\/"},"modified":"2026-04-07T16:50:06","modified_gmt":"2026-04-07T14:50:06","slug":"avis-legal","status":"publish","type":"page","link":"https:\/\/www.cnab.cat\/ca\/avis-legal\/","title":{"rendered":"Av\u00eds legal"},"content":{"rendered":"\t\t<div data-elementor-type=\"wp-page\" data-elementor-id=\"51232\" class=\"elementor elementor-51232 elementor-49333\" data-elementor-post-type=\"page\">\n\t\t\t\t<div class=\"elementor-element elementor-element-789332b e-flex e-con-boxed e-con e-parent\" data-id=\"789332b\" data-element_type=\"container\" data-e-type=\"container\">\n\t\t\t\t\t<div class=\"e-con-inner\">\n\t\t\t\t<div class=\"elementor-element elementor-element-4fdbcba elementor-widget elementor-widget-heading\" data-id=\"4fdbcba\" data-element_type=\"widget\" data-e-type=\"widget\" data-widget_type=\"heading.default\">\n\t\t\t\t<div class=\"elementor-widget-container\">\n\t\t\t\t\t<h1 class=\"elementor-heading-title elementor-size-default\">AV\u00cdS LEGAL<\/h1>\t\t\t\t<\/div>\n\t\t\t\t<\/div>\n\t\t\t\t<div class=\"elementor-element elementor-element-1effee5 elementor-widget elementor-widget-text-editor\" data-id=\"1effee5\" data-element_type=\"widget\" data-e-type=\"widget\" data-widget_type=\"text-editor.default\">\n\t\t\t\t<div class=\"elementor-widget-container\">\n\t\t\t\t\t\t\t\t\t<p><strong>AV\u00cdS LEGAL<\/strong><\/p><p>Aquest Av\u00eds Legal t\u00e9 l&#8217;objectiu d&#8217;informar-vos dels vostres drets i obligacions com a usuari d&#8217;aquest lloc web. Aqu\u00ed trobareu tota la informaci\u00f3 que necessiteu sobre aquest lloc web, la seva activitat, les dades personals que recull i la seva finalitat, aix\u00ed com les normes d&#8217;\u00fas que regulen l&#8217;\u00fas d&#8217;aquest web. <\/p><p>En el moment en qu\u00e8 accediu a aquest lloc web  <strong><\/strong>, assumiu la condici\u00f3 d&#8217;usuari, per la qual cosa el contingut d&#8217;aquest Av\u00eds Legal us afecta directament. Per aix\u00f2, \u00e9s important que el llegiu per dissipar qualsevol dubte que pugueu tenir i tenir coneixement de causa sobre les condicions que esteu acceptant. <\/p><p>Per comen\u00e7ar, heu de saber que aquest lloc web compleix amb les normatives vigents en mat\u00e8ria de protecci\u00f3 de dades, amb l&#8217;objectiu d&#8217;aportar-vos les garanties, la seguretat i la transpar\u00e8ncia que, com a usuari, us corresponen en utilitzar aquest web.<\/p><ul><li><strong>El RGPD<\/strong> (Reglament (UE) 2016\/679 del Parlament Europeu i del Consell, de 27 d\u2019abril de 2016, relatiu a la protecci\u00f3 de les persones f\u00edsiques), que unifica la regulaci\u00f3 del tractament de les dades personals als diferents pa\u00efsos de la UE.<\/li><li><strong>La LOPDGDD<\/strong> (Llei Org\u00e0nica 3\/2018, de 5 de desembre, de Protecci\u00f3 de Dades Personals i garantia dels drets digitals), que regula el tractament de les dades personals i les obligacions que hem d&#8217;assumir els responsables d&#8217;un web o un blog en gestionar aquesta informaci\u00f3.<\/li><li><strong>La LSSI<\/strong> (Llei 34\/2002, d&#8217;1 d&#8217;juliol, de Serveis de la Societat de la Informaci\u00f3 i Comer\u00e7 Electr\u00f2nic), que regula les transaccions econ\u00f2miques mitjan\u00e7ant mitjans electr\u00f2nics.<\/li><\/ul><h3>DADES D\u2019IDENTIFICACI\u00d3<\/h3><p>El responsable i titular d\u2019aquest lloc web \u00e9s <strong><\/strong>:<\/p><ul><li><strong>Nom:<\/strong> <\/li><li><strong>NIF:<\/strong> <\/li><li><strong>Domicili social:<\/strong> <\/li><li><strong>Activitat del lloc web:<\/strong> Distribuci\u00f3 de contingut relacionat amb <strong><\/strong>, mostra de publicitat i recomanaci\u00f3 de productes d\u2019afiliaci\u00f3.<\/li><li><strong>Correu electr\u00f2nic:<\/strong> <\/li><\/ul><p>Les dades que ens faciliteu amb el vostre consentiment, i d&#8217;acord amb l&#8217;\u00fas establert en la nostra Pol\u00edtica de Privacitat, seran incorporades a un fitxer automatitzat, el responsable del qual \u00e9s  <strong><\/strong>. Aix\u00f2 garanteix que les vostres dades estan segures i protegides conforme a la llei.<\/p><h3>NORMES D&#8217;ACC\u00c9S AL LLOC WEB<\/h3><p>Com a usuari del nostre web, tamb\u00e9 teniu una s\u00e8rie d&#8217;obligacions:<\/p><ul><li>No podreu utilitzar aquest lloc web per a activitats contr\u00e0ries a les lleis, a la moral, a l&#8217;ordre p\u00fablic ni per a usos contraris al que s&#8217;expressa en aquest Av\u00eds Legal.<\/li><li>No podreu realitzar activitats publicit\u00e0ries o d&#8217;explotaci\u00f3 comercial utilitzant identitats falses.<\/li><li>Sereu l&#8217;\u00fanic responsable de la veracitat i exactitud dels continguts que introdu\u00efu en aquest web i de les dades personals que ens faciliteu amb les finalitats previstes en la nostra Pol\u00edtica de Privacitat.<\/li><li>Tamb\u00e9 sereu responsable de qualsevol actuaci\u00f3 il\u00b7l\u00edcita, lesiva de drets, nociva i\/o perjudicial en llocs de tercers als quals us puguem redirigir.<\/li><\/ul><p><strong><\/strong>  podr\u00e0 interrompre el servei de la p\u00e0gina i resoldre la relaci\u00f3 amb l&#8217;usuari si detecta un \u00fas indegut del web.<\/p><h3>PROPIETAT INTEL\u00b7LECTUAL I INDUSTRIAL<\/h3><p>La totalitat d&#8217;aquest lloc web (text, imatges, marques, gr\u00e0fics, logotips, botons, arxius de programari, combinacions de colors, aix\u00ed com l&#8217;estructura, selecci\u00f3, ordenaci\u00f3 i presentaci\u00f3 dels seus continguts) es troba protegida per les lleis vigents sobre Propietat Intel\u00b7lectual i Industrial.<\/p><p>En queda prohibida la reproducci\u00f3, distribuci\u00f3, comunicaci\u00f3 p\u00fablica i transformaci\u00f3, llevat de per a \u00fas personal i privat.<\/p><p><strong><\/strong>  no garanteix que els continguts siguin precisos o lliures d&#8217;error. El bon o mal \u00fas d&#8217;aquesta p\u00e0gina i dels seus continguts \u00e9s responsabilitat de l&#8217;usuari. <\/p><h3>ENLLA\u00c7OS O LINKS<\/h3><p>Aquest lloc web inclou enlla\u00e7os a llocs de tercers. Aquestes p\u00e0gines no han estat revisades ni s\u00f3n objecte de controls per la nostra part, per la qual cosa   <strong><\/strong>  no ser\u00e0 responsable dels continguts, pol\u00edtiques de privacitat ni mesures adoptades per aquests tercers.<\/p><p>Us recomanem llegir detingudament les condicions d&#8217;\u00fas i pol\u00edtiques d&#8217;aquests llocs abans d&#8217;utilitzar-los.<\/p><h3>ENLLA\u00c7OS D&#8217;AFILIACI\u00d3 D&#8217;AMAZON<\/h3><p>Aquest lloc web utilitza enlla\u00e7os d&#8217;afiliat d&#8217;Amazon. Aix\u00f2 significa que trobareu enlla\u00e7os a productes d&#8217;Amazon que podreu adquirir sota les seves pr\u00f2pies condicions d&#8217;\u00fas. <\/p><h3>LIMITACI\u00d3 DE RESPONSABILITAT<\/h3><p><strong><\/strong>  no es fa responsable de:<\/p><ul><li>La qualitat, velocitat i continu\u00eftat del servei.<\/li><li>L&#8217;exist\u00e8ncia de virus, programari malici\u00f3s o programes maliciosos en els continguts.<\/li><li>L&#8217;\u00fas il\u00b7l\u00edcit o negligent del web.<\/li><li>La falta de licitud, qualitat, fiabilitat o utilitat dels serveis proporcionats per tercers.<\/li><li>Els danys que puguin derivar-se de l&#8217;\u00fas il\u00b7legal d&#8217;aquest web.<\/li><\/ul><h3>POL\u00cdTICA DE PRIVACITAT I PROTECCI\u00d3 DE DADES<\/h3><p>Aquest lloc web compleix amb la normativa vigent en mat\u00e8ria de protecci\u00f3 de dades. Com a usuari, haureu de donar el vostre consentiment expr\u00e9s abans de facilitar dades personals a trav\u00e9s dels formularis disponibles al web. Tota la informaci\u00f3 al respecte est\u00e0 disponible en la nostra <strong>Pol\u00edtica de Privacitat<\/strong>.  <\/p><h3>POL\u00cdTICA DE COOKIES<\/h3><p>Aquest lloc web utilitza galetes pr\u00f2pies i de tercers. Podeu configurar el vostre navegador per rebutjar l&#8217;\u00fas de galetes. Per a m\u00e9s informaci\u00f3, consulteu la nostra <strong>Pol\u00edtica de Cookies<\/strong>.  <\/p><h3>LEGISLACI\u00d3 APLICABLE I JURISDICCI\u00d3 COMPETENT<\/h3><p>El present Av\u00eds Legal es troba sotm\u00e8s a la legislaci\u00f3 espanyola vigent. Qualsevol controv\u00e8rsia ser\u00e0 sotmesa als Jutjats i Tribunals del domicili de l&#8217;usuari. Si l&#8217;usuari resideix fora d&#8217;Espanya, les parts se sotmetran als Jutjats i Tribunals de Barcelona (Espanya).  <\/p><p>Si teniu qualsevol dubte, podeu enviar-nos un correu electr\u00f2nic a <strong><\/strong>.<\/p>\t\t\t\t\t\t\t\t<\/div>\n\t\t\t\t<\/div>\n\t\t\t\t\t<\/div>\n\t\t\t\t<\/div>\n\t\t\t\t<\/div>\n\t\t","protected":false},"excerpt":{"rendered":"<p>AV\u00cdS LEGAL AV\u00cdS LEGAL Aquest Av\u00eds Legal t\u00e9 l&#8217;objectiu d&#8217;informar-vos dels vostres drets i obligacions com a usuari d&#8217;aquest lloc web. Aqu\u00ed trobareu tota la informaci\u00f3 que necessiteu sobre aquest lloc web, la seva activitat, les dades personals que recull i la seva finalitat, aix\u00ed com les normes d&#8217;\u00fas que regulen l&#8217;\u00fas d&#8217;aquest web. En [&hellip;]<\/p>\n","protected":false},"author":10000089,"featured_media":0,"parent":0,"menu_order":0,"comment_status":"closed","ping_status":"closed","template":"","meta":{"_acf_changed":false,"footnotes":""},"class_list":["post-51232","page","type-page","status-publish","hentry"],"acf":[],"yoast_head":"<!-- This site is optimized with the Yoast SEO plugin v27.4 - https:\/\/yoast.com\/product\/yoast-seo-wordpress\/ -->\n<title>Av\u00eds legal - Club Nataci\u00f3 Atl\u00e8tic-Barceloneta<\/title>\n<meta name=\"robots\" content=\"index, follow, max-snippet:-1, max-image-preview:large, max-video-preview:-1\" \/>\n<link rel=\"canonical\" href=\"https:\/\/www.cnab.cat\/ca\/avis-legal\/\" \/>\n<meta property=\"og:locale\" content=\"ca_ES\" \/>\n<meta property=\"og:type\" content=\"article\" \/>\n<meta property=\"og:title\" content=\"Av\u00eds legal - Club Nataci\u00f3 Atl\u00e8tic-Barceloneta\" \/>\n<meta property=\"og:description\" content=\"AV\u00cdS LEGAL AV\u00cdS LEGAL Aquest Av\u00eds Legal t\u00e9 l&#8217;objectiu d&#8217;informar-vos dels vostres drets i obligacions com a usuari d&#8217;aquest lloc web. Aqu\u00ed trobareu tota la informaci\u00f3 que necessiteu sobre aquest lloc web, la seva activitat, les dades personals que recull i la seva finalitat, aix\u00ed com les normes d&#8217;\u00fas que regulen l&#8217;\u00fas d&#8217;aquest web. En [&hellip;]\" \/>\n<meta property=\"og:url\" content=\"https:\/\/www.cnab.cat\/ca\/avis-legal\/\" \/>\n<meta property=\"og:site_name\" content=\"Club Nataci\u00f3 Atl\u00e8tic-Barceloneta\" \/>\n<meta property=\"article:publisher\" content=\"https:\/\/www.facebook.com\/cnab.oficial\/\" \/>\n<meta property=\"article:modified_time\" content=\"2026-04-07T14:50:06+00:00\" \/>\n<meta property=\"og:image\" content=\"https:\/\/www.cnab.cat\/wp-content\/uploads\/2019\/01\/46104306_1216958005113980_339020065233960960_n.jpg\" \/>\n\t<meta property=\"og:image:width\" content=\"696\" \/>\n\t<meta property=\"og:image:height\" content=\"696\" \/>\n\t<meta property=\"og:image:type\" content=\"image\/jpeg\" \/>\n<meta name=\"twitter:card\" content=\"summary_large_image\" \/>\n<meta name=\"twitter:site\" content=\"@CNAB_oficial\" \/>\n<meta name=\"twitter:label1\" content=\"Temps estimat de lectura\" \/>\n\t<meta name=\"twitter:data1\" content=\"5 minuts\" \/>\n<script type=\"application\/ld+json\" class=\"yoast-schema-graph\">{\"@context\":\"https:\\\/\\\/schema.org\",\"@graph\":[{\"@type\":\"WebPage\",\"@id\":\"https:\\\/\\\/www.cnab.cat\\\/ca\\\/avis-legal\\\/\",\"url\":\"https:\\\/\\\/www.cnab.cat\\\/ca\\\/avis-legal\\\/\",\"name\":\"Av\u00eds legal - Club Nataci\u00f3 Atl\u00e8tic-Barceloneta\",\"isPartOf\":{\"@id\":\"https:\\\/\\\/www.cnab.cat\\\/#website\"},\"datePublished\":\"2026-04-07T14:49:56+00:00\",\"dateModified\":\"2026-04-07T14:50:06+00:00\",\"breadcrumb\":{\"@id\":\"https:\\\/\\\/www.cnab.cat\\\/ca\\\/avis-legal\\\/#breadcrumb\"},\"inLanguage\":\"ca\",\"potentialAction\":[{\"@type\":\"ReadAction\",\"target\":[\"https:\\\/\\\/www.cnab.cat\\\/ca\\\/avis-legal\\\/\"]}]},{\"@type\":\"BreadcrumbList\",\"@id\":\"https:\\\/\\\/www.cnab.cat\\\/ca\\\/avis-legal\\\/#breadcrumb\",\"itemListElement\":[{\"@type\":\"ListItem\",\"position\":1,\"name\":\"Inici\",\"item\":\"https:\\\/\\\/www.cnab.cat\\\/ca\\\/inici\\\/\"},{\"@type\":\"ListItem\",\"position\":2,\"name\":\"Av\u00eds legal\"}]},{\"@type\":\"WebSite\",\"@id\":\"https:\\\/\\\/www.cnab.cat\\\/#website\",\"url\":\"https:\\\/\\\/www.cnab.cat\\\/\",\"name\":\"Club Nataci\u00f3 Atl\u00e8tic-Barceloneta\",\"description\":\"Web del Club Nataci\u00f3 Atl\u00e8tic Barceloneta\",\"publisher\":{\"@id\":\"https:\\\/\\\/www.cnab.cat\\\/#organization\"},\"potentialAction\":[{\"@type\":\"SearchAction\",\"target\":{\"@type\":\"EntryPoint\",\"urlTemplate\":\"https:\\\/\\\/www.cnab.cat\\\/?s={search_term_string}\"},\"query-input\":{\"@type\":\"PropertyValueSpecification\",\"valueRequired\":true,\"valueName\":\"search_term_string\"}}],\"inLanguage\":\"ca\"},{\"@type\":\"Organization\",\"@id\":\"https:\\\/\\\/www.cnab.cat\\\/#organization\",\"name\":\"Club Nataci\u00f3 Atl\u00e8tic - Barceloneta\",\"url\":\"https:\\\/\\\/www.cnab.cat\\\/\",\"logo\":{\"@type\":\"ImageObject\",\"inLanguage\":\"ca\",\"@id\":\"https:\\\/\\\/www.cnab.cat\\\/#\\\/schema\\\/logo\\\/image\\\/\",\"url\":\"https:\\\/\\\/www.cnab.cat\\\/wp-content\\\/uploads\\\/2025\\\/12\\\/cropped-CNAB_LogoNoticia-6.jpg\",\"contentUrl\":\"https:\\\/\\\/www.cnab.cat\\\/wp-content\\\/uploads\\\/2025\\\/12\\\/cropped-CNAB_LogoNoticia-6.jpg\",\"width\":512,\"height\":512,\"caption\":\"Club Nataci\u00f3 Atl\u00e8tic - Barceloneta\"},\"image\":{\"@id\":\"https:\\\/\\\/www.cnab.cat\\\/#\\\/schema\\\/logo\\\/image\\\/\"},\"sameAs\":[\"https:\\\/\\\/www.facebook.com\\\/cnab.oficial\\\/\",\"https:\\\/\\\/x.com\\\/CNAB_oficial\",\"http:\\\/\\\/cnaboficial\"]}]}<\/script>\n<!-- \/ Yoast SEO plugin. -->","yoast_head_json":{"title":"Av\u00eds legal - Club Nataci\u00f3 Atl\u00e8tic-Barceloneta","robots":{"index":"index","follow":"follow","max-snippet":"max-snippet:-1","max-image-preview":"max-image-preview:large","max-video-preview":"max-video-preview:-1"},"canonical":"https:\/\/www.cnab.cat\/ca\/avis-legal\/","og_locale":"ca_ES","og_type":"article","og_title":"Av\u00eds legal - Club Nataci\u00f3 Atl\u00e8tic-Barceloneta","og_description":"AV\u00cdS LEGAL AV\u00cdS LEGAL Aquest Av\u00eds Legal t\u00e9 l&#8217;objectiu d&#8217;informar-vos dels vostres drets i obligacions com a usuari d&#8217;aquest lloc web. Aqu\u00ed trobareu tota la informaci\u00f3 que necessiteu sobre aquest lloc web, la seva activitat, les dades personals que recull i la seva finalitat, aix\u00ed com les normes d&#8217;\u00fas que regulen l&#8217;\u00fas d&#8217;aquest web. En [&hellip;]","og_url":"https:\/\/www.cnab.cat\/ca\/avis-legal\/","og_site_name":"Club Nataci\u00f3 Atl\u00e8tic-Barceloneta","article_publisher":"https:\/\/www.facebook.com\/cnab.oficial\/","article_modified_time":"2026-04-07T14:50:06+00:00","og_image":[{"width":696,"height":696,"url":"https:\/\/www.cnab.cat\/wp-content\/uploads\/2019\/01\/46104306_1216958005113980_339020065233960960_n.jpg","type":"image\/jpeg"}],"twitter_card":"summary_large_image","twitter_site":"@CNAB_oficial","twitter_misc":{"Temps estimat de lectura":"5 minuts"},"schema":{"@context":"https:\/\/schema.org","@graph":[{"@type":"WebPage","@id":"https:\/\/www.cnab.cat\/ca\/avis-legal\/","url":"https:\/\/www.cnab.cat\/ca\/avis-legal\/","name":"Av\u00eds legal - Club Nataci\u00f3 Atl\u00e8tic-Barceloneta","isPartOf":{"@id":"https:\/\/www.cnab.cat\/#website"},"datePublished":"2026-04-07T14:49:56+00:00","dateModified":"2026-04-07T14:50:06+00:00","breadcrumb":{"@id":"https:\/\/www.cnab.cat\/ca\/avis-legal\/#breadcrumb"},"inLanguage":"ca","potentialAction":[{"@type":"ReadAction","target":["https:\/\/www.cnab.cat\/ca\/avis-legal\/"]}]},{"@type":"BreadcrumbList","@id":"https:\/\/www.cnab.cat\/ca\/avis-legal\/#breadcrumb","itemListElement":[{"@type":"ListItem","position":1,"name":"Inici","item":"https:\/\/www.cnab.cat\/ca\/inici\/"},{"@type":"ListItem","position":2,"name":"Av\u00eds legal"}]},{"@type":"WebSite","@id":"https:\/\/www.cnab.cat\/#website","url":"https:\/\/www.cnab.cat\/","name":"Club Nataci\u00f3 Atl\u00e8tic-Barceloneta","description":"Web del Club Nataci\u00f3 Atl\u00e8tic Barceloneta","publisher":{"@id":"https:\/\/www.cnab.cat\/#organization"},"potentialAction":[{"@type":"SearchAction","target":{"@type":"EntryPoint","urlTemplate":"https:\/\/www.cnab.cat\/?s={search_term_string}"},"query-input":{"@type":"PropertyValueSpecification","valueRequired":true,"valueName":"search_term_string"}}],"inLanguage":"ca"},{"@type":"Organization","@id":"https:\/\/www.cnab.cat\/#organization","name":"Club Nataci\u00f3 Atl\u00e8tic - Barceloneta","url":"https:\/\/www.cnab.cat\/","logo":{"@type":"ImageObject","inLanguage":"ca","@id":"https:\/\/www.cnab.cat\/#\/schema\/logo\/image\/","url":"https:\/\/www.cnab.cat\/wp-content\/uploads\/2025\/12\/cropped-CNAB_LogoNoticia-6.jpg","contentUrl":"https:\/\/www.cnab.cat\/wp-content\/uploads\/2025\/12\/cropped-CNAB_LogoNoticia-6.jpg","width":512,"height":512,"caption":"Club Nataci\u00f3 Atl\u00e8tic - Barceloneta"},"image":{"@id":"https:\/\/www.cnab.cat\/#\/schema\/logo\/image\/"},"sameAs":["https:\/\/www.facebook.com\/cnab.oficial\/","https:\/\/x.com\/CNAB_oficial","http:\/\/cnaboficial"]}]}},"_links":{"self":[{"href":"https:\/\/www.cnab.cat\/ca\/wp-json\/wp\/v2\/pages\/51232","targetHints":{"allow":["GET"]}}],"collection":[{"href":"https:\/\/www.cnab.cat\/ca\/wp-json\/wp\/v2\/pages"}],"about":[{"href":"https:\/\/www.cnab.cat\/ca\/wp-json\/wp\/v2\/types\/page"}],"author":[{"embeddable":true,"href":"https:\/\/www.cnab.cat\/ca\/wp-json\/wp\/v2\/users\/10000089"}],"replies":[{"embeddable":true,"href":"https:\/\/www.cnab.cat\/ca\/wp-json\/wp\/v2\/comments?post=51232"}],"version-history":[{"count":1,"href":"https:\/\/www.cnab.cat\/ca\/wp-json\/wp\/v2\/pages\/51232\/revisions"}],"predecessor-version":[{"id":51233,"href":"https:\/\/www.cnab.cat\/ca\/wp-json\/wp\/v2\/pages\/51232\/revisions\/51233"}],"wp:attachment":[{"href":"https:\/\/www.cnab.cat\/ca\/wp-json\/wp\/v2\/media?parent=51232"}],"curies":[{"name":"wp","href":"https:\/\/api.w.org\/{rel}","templated":true}]}}